{"id":9,"date":"2019-06-17T16:56:12","date_gmt":"2019-06-17T16:56:12","guid":{"rendered":"http:\/\/karitaszkp.hu\/?page_id=9"},"modified":"2025-06-26T14:30:48","modified_gmt":"2025-06-26T12:30:48","slug":"segithetunk","status":"publish","type":"page","link":"https:\/\/karitaszkozpont.hu\/?page_id=9","title":{"rendered":"Seg\u00edthet\u00fcnk?"},"content":{"rendered":"\n<p class=\"has-very-light-gray-color has-vivid-red-background-color has-text-color has-background has-large-font-size\">Seg\u00edthet\u00fcnk?<\/p>\n\n\n\n<p class=\"has-very-dark-gray-color has-very-light-gray-background-color has-text-color has-background has-medium-font-size\">Ne f\u00e9ljen seg\u00edts\u00e9get k\u00e9rni!<\/p>\n\n\n\n<p class=\"has-very-dark-gray-color has-text-color\">Amennyiben neh\u00e9z anyagi k\u00f6r\u00fclm\u00e9nyek k\u00f6z\u00f6tt \u00e9l, illetve szoci\u00e1lis neh\u00e9zs\u00e9gei ad\u00f3dtak, vagy ha csup\u00e1n egy kedves sz\u00f3ra, mosolyra van sz\u00fcks\u00e9ge, k\u00e9rj\u00fck forduljon hozz\u00e1nk bizalommal!<\/p>\n\n\n\n<figure class=\"wp-block-image\"><img decoding=\"async\" loading=\"lazy\" width=\"1024\" height=\"768\" src=\"http:\/\/karitaszkp.hu\/wp-content\/uploads\/2019\/06\/o_tartos-elelmiszer-kep-1024x768.jpg\" alt=\"\" class=\"wp-image-330\" srcset=\"https:\/\/karitaszkozpont.hu\/wp-content\/uploads\/2019\/06\/o_tartos-elelmiszer-kep-1024x768.jpg 1024w, https:\/\/karitaszkozpont.hu\/wp-content\/uploads\/2019\/06\/o_tartos-elelmiszer-kep-300x225.jpg 300w, https:\/\/karitaszkozpont.hu\/wp-content\/uploads\/2019\/06\/o_tartos-elelmiszer-kep-768x576.jpg 768w, https:\/\/karitaszkozpont.hu\/wp-content\/uploads\/2019\/06\/o_tartos-elelmiszer-kep.jpg 1600w\" sizes=\"(max-width: 1024px) 100vw, 1024px\" \/><\/figure>\n\n\n\n<p class=\"has-very-light-gray-color has-vivid-red-background-color has-text-color has-background has-large-font-size\">Szent Erzs\u00e9bet Karit\u00e1sz K\u00f6zpont<\/p>\n\n\n\n<p class=\"has-very-dark-gray-color has-text-color\">1033 Budapest, Szentendrei \u00fat 69-71. (K\u00f6vi Sz\u0171z M\u00e1ria Pl\u00e9b\u00e1na)<\/p>\n\n\n\n<p class=\"has-very-dark-gray-color has-text-color\">Telefon: +36 1 351-1977<\/p>\n\n\n\n<p class=\"has-very-dark-gray-color has-very-light-gray-background-color has-text-color has-background\">E-mail: <a href=\"mailto:szenterzsebet@karitaszkozpont.hu\" target=\"_blank\" rel=\"noreferrer noopener\"><\/a><a href=\"mailto:titkarsag@karitaszkozpont.hu\" target=\"_blank\" rel=\"noreferrer noopener\">titkarsag@karitaszkozpont.hu<\/a><\/p>\n\n\n\n<hr class=\"wp-block-separator has-css-opacity\"\/>\n\n\n\n<p class=\"has-very-light-gray-color has-vivid-red-background-color has-text-color has-background has-large-font-size\"><strong>Orsz\u00e1gos K\u00f6zpont &#8211; \u00dcgyf\u00e9lszolg\u00e1lat<\/strong><\/p>\n\n\n\n<p class=\"has-very-dark-gray-color has-text-color\">C\u00edm: 1111 Budapest, Bart\u00f3k B\u00e9la \u00fat 104.<br>Postac\u00edm: 1519 Budapest Pf. 239<br>Telefon: 1 \/ 372-0910<br>Telefax: 1 \/ 372-0914<br>e-mail: office@caritas.org.hu <br>Banksz\u00e1mla: Raiffeisen Bank 12011148-00124534-00100008<br>Honlap: <a href=\"https:\/\/karitasz.hu\/\" target=\"_blank\" rel=\"noreferrer noopener\">https:\/\/karitasz.hu\/<\/a>\u00a0<\/p>\n\n\n\n<p class=\"has-very-light-gray-color has-vivid-red-background-color has-text-color has-background has-large-font-size\"><strong>Karit\u00e1sz K\u00f6zpontok Egyh\u00e1zmegy\u00e9k szerint<\/strong><\/p>\n\n\n\n<p>A Karit\u00e1sz honlapj\u00e1n megtal\u00e1lhat\u00f3k: <a href=\"https:\/\/karitasz.hu\/kapcsolat\/egyhazmegyei-karitasz-kozpontok\">https:\/\/karitasz.hu\/kapcsolat\/egyhazmegyei-karitasz-kozpontok<\/a><\/p>\n","protected":false},"excerpt":{"rendered":"<p>Seg\u00edthet\u00fcnk? Ne f\u00e9ljen seg\u00edts\u00e9get k\u00e9rni! Amennyiben neh\u00e9z anyagi k\u00f6r\u00fclm\u00e9nyek k\u00f6z\u00f6tt \u00e9l, illetve szoci\u00e1lis neh\u00e9zs\u00e9gei ad\u00f3dtak, vagy ha csup\u00e1n egy kedves sz\u00f3ra, mosolyra van sz\u00fcks\u00e9ge, k\u00e9rj\u00fck forduljon hozz\u00e1nk bizalommal! Szent Erzs\u00e9bet Karit\u00e1sz K\u00f6zpont 1033 Budapest, Szentendrei \u00fat 69-71. (K\u00f6vi Sz\u0171z M\u00e1ria Pl\u00e9b\u00e1na) Telefon: +36 1 351-1977 E-mail: titkarsag@karitaszkozpont.hu Orsz\u00e1gos K\u00f6zpont &#8211; \u00dcgyf\u00e9lszolg\u00e1lat C\u00edm: 1111 Budapest, Bart\u00f3k &hellip; <\/p>\n<p class=\"link-more\"><a href=\"https:\/\/karitaszkozpont.hu\/?page_id=9\" class=\"more-link\">Continue reading<span class=\"screen-reader-text\"> &#8222;Seg\u00edthet\u00fcnk?&#8221;<\/span><\/a><\/p>\n","protected":false},"author":1,"featured_media":0,"parent":0,"menu_order":0,"comment_status":"closed","ping_status":"closed","template":"","meta":[],"yoast_head":"<!-- This site is optimized with the Yoast SEO plugin v20.1 - https:\/\/yoast.com\/wordpress\/plugins\/seo\/ -->\n<title>Seg\u00edthet\u00fcnk? - Szent Erzs\u00e9bet Karit\u00e1sz K\u00f6zpont<\/title>\n<meta name=\"robots\" content=\"index, follow, max-snippet:-1, max-image-preview:large, max-video-preview:-1\" \/>\n<link rel=\"canonical\" href=\"https:\/\/karitaszkozpont.hu\/?page_id=9\" \/>\n<meta property=\"og:locale\" content=\"hu_HU\" \/>\n<meta property=\"og:type\" content=\"article\" \/>\n<meta property=\"og:title\" content=\"Seg\u00edthet\u00fcnk? - Szent Erzs\u00e9bet Karit\u00e1sz K\u00f6zpont\" \/>\n<meta property=\"og:description\" content=\"Seg\u00edthet\u00fcnk? Ne f\u00e9ljen seg\u00edts\u00e9get k\u00e9rni! Amennyiben neh\u00e9z anyagi k\u00f6r\u00fclm\u00e9nyek k\u00f6z\u00f6tt \u00e9l, illetve szoci\u00e1lis neh\u00e9zs\u00e9gei ad\u00f3dtak, vagy ha csup\u00e1n egy kedves sz\u00f3ra, mosolyra van sz\u00fcks\u00e9ge, k\u00e9rj\u00fck forduljon hozz\u00e1nk bizalommal! Szent Erzs\u00e9bet Karit\u00e1sz K\u00f6zpont 1033 Budapest, Szentendrei \u00fat 69-71. (K\u00f6vi Sz\u0171z M\u00e1ria Pl\u00e9b\u00e1na) Telefon: +36 1 351-1977 E-mail: titkarsag@karitaszkozpont.hu Orsz\u00e1gos K\u00f6zpont &#8211; \u00dcgyf\u00e9lszolg\u00e1lat C\u00edm: 1111 Budapest, Bart\u00f3k &hellip; Continue reading &quot;Seg\u00edthet\u00fcnk?&quot;\" \/>\n<meta property=\"og:url\" content=\"https:\/\/karitaszkozpont.hu\/?page_id=9\" \/>\n<meta property=\"og:site_name\" content=\"Szent Erzs\u00e9bet Karit\u00e1sz K\u00f6zpont\" \/>\n<meta property=\"article:modified_time\" content=\"2025-06-26T12:30:48+00:00\" \/>\n<meta property=\"og:image\" content=\"http:\/\/karitaszkp.hu\/wp-content\/uploads\/2019\/06\/o_tartos-elelmiszer-kep-1024x768.jpg\" \/>\n<meta name=\"twitter:card\" content=\"summary_large_image\" \/>\n<meta name=\"twitter:label1\" content=\"Becs\u00fclt olvas\u00e1si id\u0151\" \/>\n\t<meta name=\"twitter:data1\" content=\"1 perc\" \/>\n<script type=\"application\/ld+json\" class=\"yoast-schema-graph\">{\"@context\":\"https:\/\/schema.org\",\"@graph\":[{\"@type\":\"WebPage\",\"@id\":\"https:\/\/karitaszkozpont.hu\/?page_id=9\",\"url\":\"https:\/\/karitaszkozpont.hu\/?page_id=9\",\"name\":\"Seg\u00edthet\u00fcnk? - Szent Erzs\u00e9bet Karit\u00e1sz K\u00f6zpont\",\"isPartOf\":{\"@id\":\"https:\/\/karitaszkozpont.hu\/#website\"},\"datePublished\":\"2019-06-17T16:56:12+00:00\",\"dateModified\":\"2025-06-26T12:30:48+00:00\",\"breadcrumb\":{\"@id\":\"https:\/\/karitaszkozpont.hu\/?page_id=9#breadcrumb\"},\"inLanguage\":\"hu\",\"potentialAction\":[{\"@type\":\"ReadAction\",\"target\":[\"https:\/\/karitaszkozpont.hu\/?page_id=9\"]}]},{\"@type\":\"BreadcrumbList\",\"@id\":\"https:\/\/karitaszkozpont.hu\/?page_id=9#breadcrumb\",\"itemListElement\":[{\"@type\":\"ListItem\",\"position\":1,\"name\":\"Kezd\u0151lap\",\"item\":\"https:\/\/karitaszkozpont.hu\/\"},{\"@type\":\"ListItem\",\"position\":2,\"name\":\"Seg\u00edthet\u00fcnk?\"}]},{\"@type\":\"WebSite\",\"@id\":\"https:\/\/karitaszkozpont.hu\/#website\",\"url\":\"https:\/\/karitaszkozpont.hu\/\",\"name\":\"Szent Erzs\u00e9bet Karit\u00e1sz K\u00f6zpont\",\"description\":\"Esztergom-Budapesti F\u0151egyh\u00e1zmegye\",\"publisher\":{\"@id\":\"https:\/\/karitaszkozpont.hu\/#organization\"},\"potentialAction\":[{\"@type\":\"SearchAction\",\"target\":{\"@type\":\"EntryPoint\",\"urlTemplate\":\"https:\/\/karitaszkozpont.hu\/?s={search_term_string}\"},\"query-input\":\"required name=search_term_string\"}],\"inLanguage\":\"hu\"},{\"@type\":\"Organization\",\"@id\":\"https:\/\/karitaszkozpont.hu\/#organization\",\"name\":\"Szent Erzs\u00e9bet Karit\u00e1sz K\u00f6zpont\",\"url\":\"https:\/\/karitaszkozpont.hu\/\",\"logo\":{\"@type\":\"ImageObject\",\"inLanguage\":\"hu\",\"@id\":\"https:\/\/karitaszkozpont.hu\/#\/schema\/logo\/image\/\",\"url\":\"https:\/\/karitaszkp.hu\/wp-content\/uploads\/2019\/06\/cropped-logo-arnyekos-1.png\",\"contentUrl\":\"https:\/\/karitaszkp.hu\/wp-content\/uploads\/2019\/06\/cropped-logo-arnyekos-1.png\",\"width\":240,\"height\":247,\"caption\":\"Szent Erzs\u00e9bet Karit\u00e1sz K\u00f6zpont\"},\"image\":{\"@id\":\"https:\/\/karitaszkozpont.hu\/#\/schema\/logo\/image\/\"}}]}<\/script>\n<!-- \/ Yoast SEO plugin. -->","yoast_head_json":{"title":"Seg\u00edthet\u00fcnk? - Szent Erzs\u00e9bet Karit\u00e1sz K\u00f6zpont","robots":{"index":"index","follow":"follow","max-snippet":"max-snippet:-1","max-image-preview":"max-image-preview:large","max-video-preview":"max-video-preview:-1"},"canonical":"https:\/\/karitaszkozpont.hu\/?page_id=9","og_locale":"hu_HU","og_type":"article","og_title":"Seg\u00edthet\u00fcnk? - Szent Erzs\u00e9bet Karit\u00e1sz K\u00f6zpont","og_description":"Seg\u00edthet\u00fcnk? Ne f\u00e9ljen seg\u00edts\u00e9get k\u00e9rni! Amennyiben neh\u00e9z anyagi k\u00f6r\u00fclm\u00e9nyek k\u00f6z\u00f6tt \u00e9l, illetve szoci\u00e1lis neh\u00e9zs\u00e9gei ad\u00f3dtak, vagy ha csup\u00e1n egy kedves sz\u00f3ra, mosolyra van sz\u00fcks\u00e9ge, k\u00e9rj\u00fck forduljon hozz\u00e1nk bizalommal! Szent Erzs\u00e9bet Karit\u00e1sz K\u00f6zpont 1033 Budapest, Szentendrei \u00fat 69-71. (K\u00f6vi Sz\u0171z M\u00e1ria Pl\u00e9b\u00e1na) Telefon: +36 1 351-1977 E-mail: titkarsag@karitaszkozpont.hu Orsz\u00e1gos K\u00f6zpont &#8211; \u00dcgyf\u00e9lszolg\u00e1lat C\u00edm: 1111 Budapest, Bart\u00f3k &hellip; Continue reading \"Seg\u00edthet\u00fcnk?\"","og_url":"https:\/\/karitaszkozpont.hu\/?page_id=9","og_site_name":"Szent Erzs\u00e9bet Karit\u00e1sz K\u00f6zpont","article_modified_time":"2025-06-26T12:30:48+00:00","og_image":[{"url":"http:\/\/karitaszkp.hu\/wp-content\/uploads\/2019\/06\/o_tartos-elelmiszer-kep-1024x768.jpg"}],"twitter_card":"summary_large_image","twitter_misc":{"Becs\u00fclt olvas\u00e1si id\u0151":"1 perc"},"schema":{"@context":"https:\/\/schema.org","@graph":[{"@type":"WebPage","@id":"https:\/\/karitaszkozpont.hu\/?page_id=9","url":"https:\/\/karitaszkozpont.hu\/?page_id=9","name":"Seg\u00edthet\u00fcnk? - Szent Erzs\u00e9bet Karit\u00e1sz K\u00f6zpont","isPartOf":{"@id":"https:\/\/karitaszkozpont.hu\/#website"},"datePublished":"2019-06-17T16:56:12+00:00","dateModified":"2025-06-26T12:30:48+00:00","breadcrumb":{"@id":"https:\/\/karitaszkozpont.hu\/?page_id=9#breadcrumb"},"inLanguage":"hu","potentialAction":[{"@type":"ReadAction","target":["https:\/\/karitaszkozpont.hu\/?page_id=9"]}]},{"@type":"BreadcrumbList","@id":"https:\/\/karitaszkozpont.hu\/?page_id=9#breadcrumb","itemListElement":[{"@type":"ListItem","position":1,"name":"Kezd\u0151lap","item":"https:\/\/karitaszkozpont.hu\/"},{"@type":"ListItem","position":2,"name":"Seg\u00edthet\u00fcnk?"}]},{"@type":"WebSite","@id":"https:\/\/karitaszkozpont.hu\/#website","url":"https:\/\/karitaszkozpont.hu\/","name":"Szent Erzs\u00e9bet Karit\u00e1sz K\u00f6zpont","description":"Esztergom-Budapesti F\u0151egyh\u00e1zmegye","publisher":{"@id":"https:\/\/karitaszkozpont.hu\/#organization"},"potentialAction":[{"@type":"SearchAction","target":{"@type":"EntryPoint","urlTemplate":"https:\/\/karitaszkozpont.hu\/?s={search_term_string}"},"query-input":"required name=search_term_string"}],"inLanguage":"hu"},{"@type":"Organization","@id":"https:\/\/karitaszkozpont.hu\/#organization","name":"Szent Erzs\u00e9bet Karit\u00e1sz K\u00f6zpont","url":"https:\/\/karitaszkozpont.hu\/","logo":{"@type":"ImageObject","inLanguage":"hu","@id":"https:\/\/karitaszkozpont.hu\/#\/schema\/logo\/image\/","url":"https:\/\/karitaszkp.hu\/wp-content\/uploads\/2019\/06\/cropped-logo-arnyekos-1.png","contentUrl":"https:\/\/karitaszkp.hu\/wp-content\/uploads\/2019\/06\/cropped-logo-arnyekos-1.png","width":240,"height":247,"caption":"Szent Erzs\u00e9bet Karit\u00e1sz K\u00f6zpont"},"image":{"@id":"https:\/\/karitaszkozpont.hu\/#\/schema\/logo\/image\/"}}]}},"_links":{"self":[{"href":"https:\/\/karitaszkozpont.hu\/index.php?rest_route=\/wp\/v2\/pages\/9"}],"collection":[{"href":"https:\/\/karitaszkozpont.hu\/index.php?rest_route=\/wp\/v2\/pages"}],"about":[{"href":"https:\/\/karitaszkozpont.hu\/index.php?rest_route=\/wp\/v2\/types\/page"}],"author":[{"embeddable":true,"href":"https:\/\/karitaszkozpont.hu\/index.php?rest_route=\/wp\/v2\/users\/1"}],"replies":[{"embeddable":true,"href":"https:\/\/karitaszkozpont.hu\/index.php?rest_route=%2Fwp%2Fv2%2Fcomments&post=9"}],"version-history":[{"count":22,"href":"https:\/\/karitaszkozpont.hu\/index.php?rest_route=\/wp\/v2\/pages\/9\/revisions"}],"predecessor-version":[{"id":3534,"href":"https:\/\/karitaszkozpont.hu\/index.php?rest_route=\/wp\/v2\/pages\/9\/revisions\/3534"}],"wp:attachment":[{"href":"https:\/\/karitaszkozpont.hu\/index.php?rest_route=%2Fwp%2Fv2%2Fmedia&parent=9"}],"curies":[{"name":"wp","href":"https:\/\/api.w.org\/{rel}","templated":true}]}}