{"id":545,"date":"2020-06-29T15:13:20","date_gmt":"2020-06-29T13:13:20","guid":{"rendered":"http:\/\/karitaszkp.hu\/?page_id=545"},"modified":"2024-03-06T20:53:35","modified_gmt":"2024-03-06T18:53:35","slug":"alapitvany","status":"publish","type":"page","link":"https:\/\/karitaszkozpont.hu\/?page_id=545","title":{"rendered":"Alap\u00edtv\u00e1ny"},"content":{"rendered":"\n<p class=\"has-very-light-gray-color has-vivid-red-background-color has-text-color has-background has-large-font-size\">Szent Erzs\u00e9bet a Szeg\u00e9nyek\u00e9rt Alap\u00edtv\u00e1ny<\/p>\n\n\n\n<p class=\"has-background\" style=\"background-color:#cacaca\">Sz\u00e9khelyc\u00edm: 1055 Budapest, Bajcsy \u2013 Zsilinszky u. 76. &nbsp;I\/2.<\/p>\n\n\n\n<p><\/p>\n\n\n\n<p class=\"has-background\" style=\"background-color:#cacaca\">Levelez\u00e9si c\u00edm: 1033 Budapest, Szentendrei \u00fat 69-71. (K\u00f6vi Sz\u0171z M\u00e1ria Pl\u00e9b\u00e1nia)<\/p>\n\n\n\n<p><\/p>\n\n\n\n<p class=\"has-background\" style=\"background-color:#cacaca\">Telefon: +36 1 351-1977<\/p>\n\n\n\n<p><\/p>\n\n\n\n<p class=\"has-very-dark-gray-color has-text-color has-background\" style=\"background-color:#cacaca\">E-mail:\u00a0<a href=\"mailto:titkarsag@karitaszkozpont.hu\" target=\"_blank\" rel=\"noreferrer noopener\">titkarsag@karitaszkozpont.hu<\/a><\/p>\n\n\n\n<p><\/p>\n\n\n\n<p class=\"has-background\" style=\"background-color:#cacaca\">Sz\u00e1mlasz\u00e1munk:<br>OTP Bank Nyrt.: 11706016-20749518<\/p>\n\n\n\n<p><\/p>\n\n\n\n<p class=\"has-background\" style=\"background-color:#cacaca\">Ad\u00f3sz\u00e1munk: 18044768-1-42<\/p>\n\n\n\n<p><\/p>\n\n\n\n<p><\/p>\n\n\n\n<p>A Nemzeti Egy\u00fcttm\u0171k\u00f6d\u00e9si Alap T\u00e1rsadalmi felel\u0151ss\u00e9gv\u00e1llal\u00e1s koll\u00e9gium\u00e1nak d\u00f6nt\u00e9se alapj\u00e1n 2021. okt\u00f3ber 4-\u00e9n k\u00f6zz\u00e9tett NEAO-KP-1-2022 k\u00f3dsz\u00e1m\u00fa, \u201eCivil szervezetek m\u0171k\u00f6d\u00e9s\u00e9nek biztos\u00edt\u00e1s\u00e1ra vagy szakmai programj\u00e1nak megval\u00f3s\u00edt\u00e1s\u00e1ra \u00e9s m\u0171k\u00f6d\u00e9s\u00e9nek biztos\u00edt\u00e1s\u00e1ra ford\u00edthat\u00f3 \u00f6sszevont t\u00e1mogat\u00e1s 2022.\u201d c\u00edm\u0171 p\u00e1ly\u00e1zati ki\u00edr\u00e1s\u00e1ra beny\u00fajtott, NEAO-KP-1-2022\/7-000602 p\u00e1ly\u00e1zati azonos\u00edt\u00f3sz\u00e1mon nyilv\u00e1ntart\u00e1sba vett, Szent Erzs\u00e9bet p\u00e9ld\u00e1ja nyom\u00e1n a r\u00e1szorul\u00f3 csal\u00e1dok komplex t\u00e1mogat\u00e1si programja c\u00edm\u0171 p\u00e1ly\u00e1zat\u00e1n elnyert 1.100.000,- Ft \u00f6sszeg\u0171, vissza nem t\u00e9r\u00edtend\u0151 t\u00e1mogat\u00e1s felhaszn\u00e1l\u00e1sa a p\u00e1ly\u00e1zat beny\u00fajt\u00e1s\u00e1ban megfogalmazott program \u00e9s c\u00e9lok megval\u00f3s\u00edt\u00e1sa, el\u00e9r\u00e9se \u00e9rdek\u00e9ben ker\u00fclt felhaszn\u00e1l\u00e1sra.<\/p>\n\n\n\n<p>A program a visszajelz\u00e9sek alapj\u00e1n sikeres volt, ez\u00faton is k\u00f6sz\u00f6nj\u00fck al\u00e1bbi T\u00e1mogat\u00f3inknak a szeg\u00e9nyek jav\u00e1ra ford\u00edtott t\u00e1rgyi adom\u00e1nyok v\u00e1s\u00e1rl\u00e1s\u00e1t \u00e9s kioszt\u00e1s\u00e1t lehet\u0151v\u00e9 tev\u0151 nagylelk\u0171 t\u00e1mogat\u00e1st.<\/p>\n\n\n\n<figure class=\"wp-block-image size-full\"><img decoding=\"async\" loading=\"lazy\" width=\"18750\" height=\"3750\" src=\"https:\/\/karitaszkp.hu\/wp-content\/uploads\/2023\/04\/NEA_ME_BGA_page-0001.jpg\" alt=\"\" class=\"wp-image-2778\"\/><\/figure>\n","protected":false},"excerpt":{"rendered":"<p>Szent Erzs\u00e9bet a Szeg\u00e9nyek\u00e9rt Alap\u00edtv\u00e1ny Sz\u00e9khelyc\u00edm: 1055 Budapest, Bajcsy \u2013 Zsilinszky u. 76. &nbsp;I\/2. Levelez\u00e9si c\u00edm: 1033 Budapest, Szentendrei \u00fat 69-71. (K\u00f6vi Sz\u0171z M\u00e1ria Pl\u00e9b\u00e1nia) Telefon: +36 1 351-1977 E-mail:\u00a0titkarsag@karitaszkozpont.hu Sz\u00e1mlasz\u00e1munk:OTP Bank Nyrt.: 11706016-20749518 Ad\u00f3sz\u00e1munk: 18044768-1-42 A Nemzeti Egy\u00fcttm\u0171k\u00f6d\u00e9si Alap T\u00e1rsadalmi felel\u0151ss\u00e9gv\u00e1llal\u00e1s koll\u00e9gium\u00e1nak d\u00f6nt\u00e9se alapj\u00e1n 2021. okt\u00f3ber 4-\u00e9n k\u00f6zz\u00e9tett NEAO-KP-1-2022 k\u00f3dsz\u00e1m\u00fa, \u201eCivil szervezetek m\u0171k\u00f6d\u00e9s\u00e9nek biztos\u00edt\u00e1s\u00e1ra &hellip; <\/p>\n<p class=\"link-more\"><a href=\"https:\/\/karitaszkozpont.hu\/?page_id=545\" class=\"more-link\">Continue reading<span class=\"screen-reader-text\"> &#8222;Alap\u00edtv\u00e1ny&#8221;<\/span><\/a><\/p>\n","protected":false},"author":1,"featured_media":0,"parent":0,"menu_order":0,"comment_status":"closed","ping_status":"closed","template":"","meta":[],"yoast_head":"<!-- This site is optimized with the Yoast SEO plugin v20.1 - https:\/\/yoast.com\/wordpress\/plugins\/seo\/ -->\n<title>Alap\u00edtv\u00e1ny - Szent Erzs\u00e9bet Karit\u00e1sz K\u00f6zpont<\/title>\n<meta name=\"robots\" content=\"index, follow, max-snippet:-1, max-image-preview:large, max-video-preview:-1\" \/>\n<link rel=\"canonical\" href=\"https:\/\/karitaszkozpont.hu\/?page_id=545\" \/>\n<meta property=\"og:locale\" content=\"hu_HU\" \/>\n<meta property=\"og:type\" content=\"article\" \/>\n<meta property=\"og:title\" content=\"Alap\u00edtv\u00e1ny - Szent Erzs\u00e9bet Karit\u00e1sz K\u00f6zpont\" \/>\n<meta property=\"og:description\" content=\"Szent Erzs\u00e9bet a Szeg\u00e9nyek\u00e9rt Alap\u00edtv\u00e1ny Sz\u00e9khelyc\u00edm: 1055 Budapest, Bajcsy \u2013 Zsilinszky u. 76. &nbsp;I\/2. Levelez\u00e9si c\u00edm: 1033 Budapest, Szentendrei \u00fat 69-71. (K\u00f6vi Sz\u0171z M\u00e1ria Pl\u00e9b\u00e1nia) Telefon: +36 1 351-1977 E-mail:\u00a0titkarsag@karitaszkozpont.hu Sz\u00e1mlasz\u00e1munk:OTP Bank Nyrt.: 11706016-20749518 Ad\u00f3sz\u00e1munk: 18044768-1-42 A Nemzeti Egy\u00fcttm\u0171k\u00f6d\u00e9si Alap T\u00e1rsadalmi felel\u0151ss\u00e9gv\u00e1llal\u00e1s koll\u00e9gium\u00e1nak d\u00f6nt\u00e9se alapj\u00e1n 2021. okt\u00f3ber 4-\u00e9n k\u00f6zz\u00e9tett NEAO-KP-1-2022 k\u00f3dsz\u00e1m\u00fa, \u201eCivil szervezetek m\u0171k\u00f6d\u00e9s\u00e9nek biztos\u00edt\u00e1s\u00e1ra &hellip; Continue reading &quot;Alap\u00edtv\u00e1ny&quot;\" \/>\n<meta property=\"og:url\" content=\"https:\/\/karitaszkozpont.hu\/?page_id=545\" \/>\n<meta property=\"og:site_name\" content=\"Szent Erzs\u00e9bet Karit\u00e1sz K\u00f6zpont\" \/>\n<meta property=\"article:modified_time\" content=\"2024-03-06T18:53:35+00:00\" \/>\n<meta property=\"og:image\" content=\"https:\/\/karitaszkp.hu\/wp-content\/uploads\/2023\/04\/NEA_ME_BGA_page-0001.jpg\" \/>\n<meta name=\"twitter:card\" content=\"summary_large_image\" \/>\n<meta name=\"twitter:label1\" content=\"Becs\u00fclt olvas\u00e1si id\u0151\" \/>\n\t<meta name=\"twitter:data1\" content=\"1 perc\" \/>\n<script type=\"application\/ld+json\" class=\"yoast-schema-graph\">{\"@context\":\"https:\/\/schema.org\",\"@graph\":[{\"@type\":\"WebPage\",\"@id\":\"https:\/\/karitaszkozpont.hu\/?page_id=545\",\"url\":\"https:\/\/karitaszkozpont.hu\/?page_id=545\",\"name\":\"Alap\u00edtv\u00e1ny - Szent Erzs\u00e9bet Karit\u00e1sz K\u00f6zpont\",\"isPartOf\":{\"@id\":\"https:\/\/karitaszkozpont.hu\/#website\"},\"datePublished\":\"2020-06-29T13:13:20+00:00\",\"dateModified\":\"2024-03-06T18:53:35+00:00\",\"breadcrumb\":{\"@id\":\"https:\/\/karitaszkozpont.hu\/?page_id=545#breadcrumb\"},\"inLanguage\":\"hu\",\"potentialAction\":[{\"@type\":\"ReadAction\",\"target\":[\"https:\/\/karitaszkozpont.hu\/?page_id=545\"]}]},{\"@type\":\"BreadcrumbList\",\"@id\":\"https:\/\/karitaszkozpont.hu\/?page_id=545#breadcrumb\",\"itemListElement\":[{\"@type\":\"ListItem\",\"position\":1,\"name\":\"Kezd\u0151lap\",\"item\":\"https:\/\/karitaszkozpont.hu\/\"},{\"@type\":\"ListItem\",\"position\":2,\"name\":\"Alap\u00edtv\u00e1ny\"}]},{\"@type\":\"WebSite\",\"@id\":\"https:\/\/karitaszkozpont.hu\/#website\",\"url\":\"https:\/\/karitaszkozpont.hu\/\",\"name\":\"Szent Erzs\u00e9bet Karit\u00e1sz K\u00f6zpont\",\"description\":\"Esztergom-Budapesti F\u0151egyh\u00e1zmegye\",\"publisher\":{\"@id\":\"https:\/\/karitaszkozpont.hu\/#organization\"},\"potentialAction\":[{\"@type\":\"SearchAction\",\"target\":{\"@type\":\"EntryPoint\",\"urlTemplate\":\"https:\/\/karitaszkozpont.hu\/?s={search_term_string}\"},\"query-input\":\"required name=search_term_string\"}],\"inLanguage\":\"hu\"},{\"@type\":\"Organization\",\"@id\":\"https:\/\/karitaszkozpont.hu\/#organization\",\"name\":\"Szent Erzs\u00e9bet Karit\u00e1sz K\u00f6zpont\",\"url\":\"https:\/\/karitaszkozpont.hu\/\",\"logo\":{\"@type\":\"ImageObject\",\"inLanguage\":\"hu\",\"@id\":\"https:\/\/karitaszkozpont.hu\/#\/schema\/logo\/image\/\",\"url\":\"https:\/\/karitaszkp.hu\/wp-content\/uploads\/2019\/06\/cropped-logo-arnyekos-1.png\",\"contentUrl\":\"https:\/\/karitaszkp.hu\/wp-content\/uploads\/2019\/06\/cropped-logo-arnyekos-1.png\",\"width\":240,\"height\":247,\"caption\":\"Szent Erzs\u00e9bet Karit\u00e1sz K\u00f6zpont\"},\"image\":{\"@id\":\"https:\/\/karitaszkozpont.hu\/#\/schema\/logo\/image\/\"}}]}<\/script>\n<!-- \/ Yoast SEO plugin. -->","yoast_head_json":{"title":"Alap\u00edtv\u00e1ny - Szent Erzs\u00e9bet Karit\u00e1sz K\u00f6zpont","robots":{"index":"index","follow":"follow","max-snippet":"max-snippet:-1","max-image-preview":"max-image-preview:large","max-video-preview":"max-video-preview:-1"},"canonical":"https:\/\/karitaszkozpont.hu\/?page_id=545","og_locale":"hu_HU","og_type":"article","og_title":"Alap\u00edtv\u00e1ny - Szent Erzs\u00e9bet Karit\u00e1sz K\u00f6zpont","og_description":"Szent Erzs\u00e9bet a Szeg\u00e9nyek\u00e9rt Alap\u00edtv\u00e1ny Sz\u00e9khelyc\u00edm: 1055 Budapest, Bajcsy \u2013 Zsilinszky u. 76. &nbsp;I\/2. Levelez\u00e9si c\u00edm: 1033 Budapest, Szentendrei \u00fat 69-71. (K\u00f6vi Sz\u0171z M\u00e1ria Pl\u00e9b\u00e1nia) Telefon: +36 1 351-1977 E-mail:\u00a0titkarsag@karitaszkozpont.hu Sz\u00e1mlasz\u00e1munk:OTP Bank Nyrt.: 11706016-20749518 Ad\u00f3sz\u00e1munk: 18044768-1-42 A Nemzeti Egy\u00fcttm\u0171k\u00f6d\u00e9si Alap T\u00e1rsadalmi felel\u0151ss\u00e9gv\u00e1llal\u00e1s koll\u00e9gium\u00e1nak d\u00f6nt\u00e9se alapj\u00e1n 2021. okt\u00f3ber 4-\u00e9n k\u00f6zz\u00e9tett NEAO-KP-1-2022 k\u00f3dsz\u00e1m\u00fa, \u201eCivil szervezetek m\u0171k\u00f6d\u00e9s\u00e9nek biztos\u00edt\u00e1s\u00e1ra &hellip; Continue reading \"Alap\u00edtv\u00e1ny\"","og_url":"https:\/\/karitaszkozpont.hu\/?page_id=545","og_site_name":"Szent Erzs\u00e9bet Karit\u00e1sz K\u00f6zpont","article_modified_time":"2024-03-06T18:53:35+00:00","og_image":[{"url":"https:\/\/karitaszkp.hu\/wp-content\/uploads\/2023\/04\/NEA_ME_BGA_page-0001.jpg"}],"twitter_card":"summary_large_image","twitter_misc":{"Becs\u00fclt olvas\u00e1si id\u0151":"1 perc"},"schema":{"@context":"https:\/\/schema.org","@graph":[{"@type":"WebPage","@id":"https:\/\/karitaszkozpont.hu\/?page_id=545","url":"https:\/\/karitaszkozpont.hu\/?page_id=545","name":"Alap\u00edtv\u00e1ny - Szent Erzs\u00e9bet Karit\u00e1sz K\u00f6zpont","isPartOf":{"@id":"https:\/\/karitaszkozpont.hu\/#website"},"datePublished":"2020-06-29T13:13:20+00:00","dateModified":"2024-03-06T18:53:35+00:00","breadcrumb":{"@id":"https:\/\/karitaszkozpont.hu\/?page_id=545#breadcrumb"},"inLanguage":"hu","potentialAction":[{"@type":"ReadAction","target":["https:\/\/karitaszkozpont.hu\/?page_id=545"]}]},{"@type":"BreadcrumbList","@id":"https:\/\/karitaszkozpont.hu\/?page_id=545#breadcrumb","itemListElement":[{"@type":"ListItem","position":1,"name":"Kezd\u0151lap","item":"https:\/\/karitaszkozpont.hu\/"},{"@type":"ListItem","position":2,"name":"Alap\u00edtv\u00e1ny"}]},{"@type":"WebSite","@id":"https:\/\/karitaszkozpont.hu\/#website","url":"https:\/\/karitaszkozpont.hu\/","name":"Szent Erzs\u00e9bet Karit\u00e1sz K\u00f6zpont","description":"Esztergom-Budapesti F\u0151egyh\u00e1zmegye","publisher":{"@id":"https:\/\/karitaszkozpont.hu\/#organization"},"potentialAction":[{"@type":"SearchAction","target":{"@type":"EntryPoint","urlTemplate":"https:\/\/karitaszkozpont.hu\/?s={search_term_string}"},"query-input":"required name=search_term_string"}],"inLanguage":"hu"},{"@type":"Organization","@id":"https:\/\/karitaszkozpont.hu\/#organization","name":"Szent Erzs\u00e9bet Karit\u00e1sz K\u00f6zpont","url":"https:\/\/karitaszkozpont.hu\/","logo":{"@type":"ImageObject","inLanguage":"hu","@id":"https:\/\/karitaszkozpont.hu\/#\/schema\/logo\/image\/","url":"https:\/\/karitaszkp.hu\/wp-content\/uploads\/2019\/06\/cropped-logo-arnyekos-1.png","contentUrl":"https:\/\/karitaszkp.hu\/wp-content\/uploads\/2019\/06\/cropped-logo-arnyekos-1.png","width":240,"height":247,"caption":"Szent Erzs\u00e9bet Karit\u00e1sz K\u00f6zpont"},"image":{"@id":"https:\/\/karitaszkozpont.hu\/#\/schema\/logo\/image\/"}}]}},"_links":{"self":[{"href":"https:\/\/karitaszkozpont.hu\/index.php?rest_route=\/wp\/v2\/pages\/545"}],"collection":[{"href":"https:\/\/karitaszkozpont.hu\/index.php?rest_route=\/wp\/v2\/pages"}],"about":[{"href":"https:\/\/karitaszkozpont.hu\/index.php?rest_route=\/wp\/v2\/types\/page"}],"author":[{"embeddable":true,"href":"https:\/\/karitaszkozpont.hu\/index.php?rest_route=\/wp\/v2\/users\/1"}],"replies":[{"embeddable":true,"href":"https:\/\/karitaszkozpont.hu\/index.php?rest_route=%2Fwp%2Fv2%2Fcomments&post=545"}],"version-history":[{"count":9,"href":"https:\/\/karitaszkozpont.hu\/index.php?rest_route=\/wp\/v2\/pages\/545\/revisions"}],"predecessor-version":[{"id":3343,"href":"https:\/\/karitaszkozpont.hu\/index.php?rest_route=\/wp\/v2\/pages\/545\/revisions\/3343"}],"wp:attachment":[{"href":"https:\/\/karitaszkozpont.hu\/index.php?rest_route=%2Fwp%2Fv2%2Fmedia&parent=545"}],"curies":[{"name":"wp","href":"https:\/\/api.w.org\/{rel}","templated":true}]}}