{"id":265,"date":"2019-06-18T14:47:44","date_gmt":"2019-06-18T12:47:44","guid":{"rendered":"http:\/\/karitaszkp.hu\/?page_id=265"},"modified":"2019-06-19T09:00:24","modified_gmt":"2019-06-19T07:00:24","slug":"idoskoruak-gondozasa-program","status":"publish","type":"page","link":"https:\/\/karitaszkozpont.hu\/?page_id=265","title":{"rendered":"Id\u0151skor\u00faak gondoz\u00e1sa program"},"content":{"rendered":"\n<p class=\"has-text-color has-background has-large-font-size has-very-light-gray-color has-vivid-red-background-color\">Id\u0151s kor\u00faak gondoz\u00e1sa program<\/p>\n\n\n\n<p class=\"has-text-color has-very-dark-gray-color\">Az id\u0151s, magatehetetlen, \u00e1pol\u00e1st \u00e9s gondoz\u00e1st ig\u00e9nyl\u0151 betegeket \u00e9letmin\u0151s\u00e9g\u00fck min\u00e9l nagyobb m\u00e9rt\u00e9k\u0171 jav\u00edt\u00e1s\u00e1val pr\u00f3b\u00e1ljuk ell\u00e1tni. <\/p>\n\n\n\n<p class=\"has-text-color has-very-dark-gray-color\">\u00d6nk\u00e9nteseink rendszeresen l\u00e1togatj\u00e1k az id\u0151s embereket, ahol a seg\u00edts\u00e9g k\u00fcl\u00f6nf\u00e9le form\u00e1ival teszik k\u00f6nnyebb\u00e9 \u00e9let\u00fcket (eb\u00e9deltet\u00e9s, bev\u00e1s\u00e1rl\u00e1s, orvoshoz k\u00eds\u00e9r\u00e9s, \u00fcgyint\u00e9z\u00e9sek, stb.). A gondoz\u00e1s gyakoris\u00e1ga, lehet\u0151s\u00e9geink f\u00fcggv\u00e9ny\u00e9ben, eg\u00e9szen a napi teljes ell\u00e1t\u00e1st\u00f3l, az alkalmank\u00e9nti seg\u00edt\u00e9sig terjed.<\/p>\n","protected":false},"excerpt":{"rendered":"<p>Id\u0151s kor\u00faak gondoz\u00e1sa program Az id\u0151s, magatehetetlen, \u00e1pol\u00e1st \u00e9s gondoz\u00e1st ig\u00e9nyl\u0151 betegeket \u00e9letmin\u0151s\u00e9g\u00fck min\u00e9l nagyobb m\u00e9rt\u00e9k\u0171 jav\u00edt\u00e1s\u00e1val pr\u00f3b\u00e1ljuk ell\u00e1tni. \u00d6nk\u00e9nteseink rendszeresen l\u00e1togatj\u00e1k az id\u0151s embereket, ahol a seg\u00edts\u00e9g k\u00fcl\u00f6nf\u00e9le form\u00e1ival teszik k\u00f6nnyebb\u00e9 \u00e9let\u00fcket (eb\u00e9deltet\u00e9s, bev\u00e1s\u00e1rl\u00e1s, orvoshoz k\u00eds\u00e9r\u00e9s, \u00fcgyint\u00e9z\u00e9sek, stb.). A gondoz\u00e1s gyakoris\u00e1ga, lehet\u0151s\u00e9geink f\u00fcggv\u00e9ny\u00e9ben, eg\u00e9szen a napi teljes ell\u00e1t\u00e1st\u00f3l, az alkalmank\u00e9nti seg\u00edt\u00e9sig terjed.<\/p>\n","protected":false},"author":1,"featured_media":0,"parent":19,"menu_order":0,"comment_status":"closed","ping_status":"closed","template":"","meta":[],"yoast_head":"<!-- This site is optimized with the Yoast SEO plugin v20.1 - https:\/\/yoast.com\/wordpress\/plugins\/seo\/ -->\n<title>Id\u0151skor\u00faak gondoz\u00e1sa program - Szent Erzs\u00e9bet Karit\u00e1sz K\u00f6zpont<\/title>\n<meta name=\"robots\" content=\"index, follow, max-snippet:-1, max-image-preview:large, max-video-preview:-1\" \/>\n<link rel=\"canonical\" href=\"https:\/\/karitaszkozpont.hu\/?page_id=265\" \/>\n<meta property=\"og:locale\" content=\"hu_HU\" \/>\n<meta property=\"og:type\" content=\"article\" \/>\n<meta property=\"og:title\" content=\"Id\u0151skor\u00faak gondoz\u00e1sa program - Szent Erzs\u00e9bet Karit\u00e1sz K\u00f6zpont\" \/>\n<meta property=\"og:description\" content=\"Id\u0151s kor\u00faak gondoz\u00e1sa program Az id\u0151s, magatehetetlen, \u00e1pol\u00e1st \u00e9s gondoz\u00e1st ig\u00e9nyl\u0151 betegeket \u00e9letmin\u0151s\u00e9g\u00fck min\u00e9l nagyobb m\u00e9rt\u00e9k\u0171 jav\u00edt\u00e1s\u00e1val pr\u00f3b\u00e1ljuk ell\u00e1tni. \u00d6nk\u00e9nteseink rendszeresen l\u00e1togatj\u00e1k az id\u0151s embereket, ahol a seg\u00edts\u00e9g k\u00fcl\u00f6nf\u00e9le form\u00e1ival teszik k\u00f6nnyebb\u00e9 \u00e9let\u00fcket (eb\u00e9deltet\u00e9s, bev\u00e1s\u00e1rl\u00e1s, orvoshoz k\u00eds\u00e9r\u00e9s, \u00fcgyint\u00e9z\u00e9sek, stb.). A gondoz\u00e1s gyakoris\u00e1ga, lehet\u0151s\u00e9geink f\u00fcggv\u00e9ny\u00e9ben, eg\u00e9szen a napi teljes ell\u00e1t\u00e1st\u00f3l, az alkalmank\u00e9nti seg\u00edt\u00e9sig terjed.\" \/>\n<meta property=\"og:url\" content=\"https:\/\/karitaszkozpont.hu\/?page_id=265\" \/>\n<meta property=\"og:site_name\" content=\"Szent Erzs\u00e9bet Karit\u00e1sz K\u00f6zpont\" \/>\n<meta property=\"article:modified_time\" content=\"2019-06-19T07:00:24+00:00\" \/>\n<meta name=\"twitter:card\" content=\"summary_large_image\" \/>\n<meta name=\"twitter:label1\" content=\"Becs\u00fclt olvas\u00e1si id\u0151\" \/>\n\t<meta name=\"twitter:data1\" content=\"1 perc\" \/>\n<script type=\"application\/ld+json\" class=\"yoast-schema-graph\">{\"@context\":\"https:\/\/schema.org\",\"@graph\":[{\"@type\":\"WebPage\",\"@id\":\"https:\/\/karitaszkozpont.hu\/?page_id=265\",\"url\":\"https:\/\/karitaszkozpont.hu\/?page_id=265\",\"name\":\"Id\u0151skor\u00faak gondoz\u00e1sa program - Szent Erzs\u00e9bet Karit\u00e1sz K\u00f6zpont\",\"isPartOf\":{\"@id\":\"https:\/\/karitaszkozpont.hu\/#website\"},\"datePublished\":\"2019-06-18T12:47:44+00:00\",\"dateModified\":\"2019-06-19T07:00:24+00:00\",\"breadcrumb\":{\"@id\":\"https:\/\/karitaszkozpont.hu\/?page_id=265#breadcrumb\"},\"inLanguage\":\"hu\",\"potentialAction\":[{\"@type\":\"ReadAction\",\"target\":[\"https:\/\/karitaszkozpont.hu\/?page_id=265\"]}]},{\"@type\":\"BreadcrumbList\",\"@id\":\"https:\/\/karitaszkozpont.hu\/?page_id=265#breadcrumb\",\"itemListElement\":[{\"@type\":\"ListItem\",\"position\":1,\"name\":\"Kezd\u0151lap\",\"item\":\"https:\/\/karitaszkozpont.hu\/\"},{\"@type\":\"ListItem\",\"position\":2,\"name\":\"Tev\u00e9kenys\u00e9geink\",\"item\":\"https:\/\/karitaszkozpont.hu\/?page_id=19\"},{\"@type\":\"ListItem\",\"position\":3,\"name\":\"Id\u0151skor\u00faak gondoz\u00e1sa program\"}]},{\"@type\":\"WebSite\",\"@id\":\"https:\/\/karitaszkozpont.hu\/#website\",\"url\":\"https:\/\/karitaszkozpont.hu\/\",\"name\":\"Szent Erzs\u00e9bet Karit\u00e1sz K\u00f6zpont\",\"description\":\"Esztergom-Budapesti F\u0151egyh\u00e1zmegye\",\"publisher\":{\"@id\":\"https:\/\/karitaszkozpont.hu\/#organization\"},\"potentialAction\":[{\"@type\":\"SearchAction\",\"target\":{\"@type\":\"EntryPoint\",\"urlTemplate\":\"https:\/\/karitaszkozpont.hu\/?s={search_term_string}\"},\"query-input\":\"required name=search_term_string\"}],\"inLanguage\":\"hu\"},{\"@type\":\"Organization\",\"@id\":\"https:\/\/karitaszkozpont.hu\/#organization\",\"name\":\"Szent Erzs\u00e9bet Karit\u00e1sz K\u00f6zpont\",\"url\":\"https:\/\/karitaszkozpont.hu\/\",\"logo\":{\"@type\":\"ImageObject\",\"inLanguage\":\"hu\",\"@id\":\"https:\/\/karitaszkozpont.hu\/#\/schema\/logo\/image\/\",\"url\":\"https:\/\/karitaszkp.hu\/wp-content\/uploads\/2019\/06\/cropped-logo-arnyekos-1.png\",\"contentUrl\":\"https:\/\/karitaszkp.hu\/wp-content\/uploads\/2019\/06\/cropped-logo-arnyekos-1.png\",\"width\":240,\"height\":247,\"caption\":\"Szent Erzs\u00e9bet Karit\u00e1sz K\u00f6zpont\"},\"image\":{\"@id\":\"https:\/\/karitaszkozpont.hu\/#\/schema\/logo\/image\/\"}}]}<\/script>\n<!-- \/ Yoast SEO plugin. -->","yoast_head_json":{"title":"Id\u0151skor\u00faak gondoz\u00e1sa program - Szent Erzs\u00e9bet Karit\u00e1sz K\u00f6zpont","robots":{"index":"index","follow":"follow","max-snippet":"max-snippet:-1","max-image-preview":"max-image-preview:large","max-video-preview":"max-video-preview:-1"},"canonical":"https:\/\/karitaszkozpont.hu\/?page_id=265","og_locale":"hu_HU","og_type":"article","og_title":"Id\u0151skor\u00faak gondoz\u00e1sa program - Szent Erzs\u00e9bet Karit\u00e1sz K\u00f6zpont","og_description":"Id\u0151s kor\u00faak gondoz\u00e1sa program Az id\u0151s, magatehetetlen, \u00e1pol\u00e1st \u00e9s gondoz\u00e1st ig\u00e9nyl\u0151 betegeket \u00e9letmin\u0151s\u00e9g\u00fck min\u00e9l nagyobb m\u00e9rt\u00e9k\u0171 jav\u00edt\u00e1s\u00e1val pr\u00f3b\u00e1ljuk ell\u00e1tni. \u00d6nk\u00e9nteseink rendszeresen l\u00e1togatj\u00e1k az id\u0151s embereket, ahol a seg\u00edts\u00e9g k\u00fcl\u00f6nf\u00e9le form\u00e1ival teszik k\u00f6nnyebb\u00e9 \u00e9let\u00fcket (eb\u00e9deltet\u00e9s, bev\u00e1s\u00e1rl\u00e1s, orvoshoz k\u00eds\u00e9r\u00e9s, \u00fcgyint\u00e9z\u00e9sek, stb.). A gondoz\u00e1s gyakoris\u00e1ga, lehet\u0151s\u00e9geink f\u00fcggv\u00e9ny\u00e9ben, eg\u00e9szen a napi teljes ell\u00e1t\u00e1st\u00f3l, az alkalmank\u00e9nti seg\u00edt\u00e9sig terjed.","og_url":"https:\/\/karitaszkozpont.hu\/?page_id=265","og_site_name":"Szent Erzs\u00e9bet Karit\u00e1sz K\u00f6zpont","article_modified_time":"2019-06-19T07:00:24+00:00","twitter_card":"summary_large_image","twitter_misc":{"Becs\u00fclt olvas\u00e1si id\u0151":"1 perc"},"schema":{"@context":"https:\/\/schema.org","@graph":[{"@type":"WebPage","@id":"https:\/\/karitaszkozpont.hu\/?page_id=265","url":"https:\/\/karitaszkozpont.hu\/?page_id=265","name":"Id\u0151skor\u00faak gondoz\u00e1sa program - Szent Erzs\u00e9bet Karit\u00e1sz K\u00f6zpont","isPartOf":{"@id":"https:\/\/karitaszkozpont.hu\/#website"},"datePublished":"2019-06-18T12:47:44+00:00","dateModified":"2019-06-19T07:00:24+00:00","breadcrumb":{"@id":"https:\/\/karitaszkozpont.hu\/?page_id=265#breadcrumb"},"inLanguage":"hu","potentialAction":[{"@type":"ReadAction","target":["https:\/\/karitaszkozpont.hu\/?page_id=265"]}]},{"@type":"BreadcrumbList","@id":"https:\/\/karitaszkozpont.hu\/?page_id=265#breadcrumb","itemListElement":[{"@type":"ListItem","position":1,"name":"Kezd\u0151lap","item":"https:\/\/karitaszkozpont.hu\/"},{"@type":"ListItem","position":2,"name":"Tev\u00e9kenys\u00e9geink","item":"https:\/\/karitaszkozpont.hu\/?page_id=19"},{"@type":"ListItem","position":3,"name":"Id\u0151skor\u00faak gondoz\u00e1sa program"}]},{"@type":"WebSite","@id":"https:\/\/karitaszkozpont.hu\/#website","url":"https:\/\/karitaszkozpont.hu\/","name":"Szent Erzs\u00e9bet Karit\u00e1sz K\u00f6zpont","description":"Esztergom-Budapesti F\u0151egyh\u00e1zmegye","publisher":{"@id":"https:\/\/karitaszkozpont.hu\/#organization"},"potentialAction":[{"@type":"SearchAction","target":{"@type":"EntryPoint","urlTemplate":"https:\/\/karitaszkozpont.hu\/?s={search_term_string}"},"query-input":"required name=search_term_string"}],"inLanguage":"hu"},{"@type":"Organization","@id":"https:\/\/karitaszkozpont.hu\/#organization","name":"Szent Erzs\u00e9bet Karit\u00e1sz K\u00f6zpont","url":"https:\/\/karitaszkozpont.hu\/","logo":{"@type":"ImageObject","inLanguage":"hu","@id":"https:\/\/karitaszkozpont.hu\/#\/schema\/logo\/image\/","url":"https:\/\/karitaszkp.hu\/wp-content\/uploads\/2019\/06\/cropped-logo-arnyekos-1.png","contentUrl":"https:\/\/karitaszkp.hu\/wp-content\/uploads\/2019\/06\/cropped-logo-arnyekos-1.png","width":240,"height":247,"caption":"Szent Erzs\u00e9bet Karit\u00e1sz K\u00f6zpont"},"image":{"@id":"https:\/\/karitaszkozpont.hu\/#\/schema\/logo\/image\/"}}]}},"_links":{"self":[{"href":"https:\/\/karitaszkozpont.hu\/index.php?rest_route=\/wp\/v2\/pages\/265"}],"collection":[{"href":"https:\/\/karitaszkozpont.hu\/index.php?rest_route=\/wp\/v2\/pages"}],"about":[{"href":"https:\/\/karitaszkozpont.hu\/index.php?rest_route=\/wp\/v2\/types\/page"}],"author":[{"embeddable":true,"href":"https:\/\/karitaszkozpont.hu\/index.php?rest_route=\/wp\/v2\/users\/1"}],"replies":[{"embeddable":true,"href":"https:\/\/karitaszkozpont.hu\/index.php?rest_route=%2Fwp%2Fv2%2Fcomments&post=265"}],"version-history":[{"count":4,"href":"https:\/\/karitaszkozpont.hu\/index.php?rest_route=\/wp\/v2\/pages\/265\/revisions"}],"predecessor-version":[{"id":336,"href":"https:\/\/karitaszkozpont.hu\/index.php?rest_route=\/wp\/v2\/pages\/265\/revisions\/336"}],"up":[{"embeddable":true,"href":"https:\/\/karitaszkozpont.hu\/index.php?rest_route=\/wp\/v2\/pages\/19"}],"wp:attachment":[{"href":"https:\/\/karitaszkozpont.hu\/index.php?rest_route=%2Fwp%2Fv2%2Fmedia&parent=265"}],"curies":[{"name":"wp","href":"https:\/\/api.w.org\/{rel}","templated":true}]}}