{"id":25,"date":"2019-06-17T16:58:30","date_gmt":"2019-06-17T16:58:30","guid":{"rendered":"http:\/\/karitaszkp.hu\/?page_id=25"},"modified":"2026-01-21T17:23:01","modified_gmt":"2026-01-21T15:23:01","slug":"kapcsolat","status":"publish","type":"page","link":"https:\/\/karitaszkozpont.hu\/?page_id=25","title":{"rendered":"Kapcsolat"},"content":{"rendered":"\n<p class=\"has-very-light-gray-color has-vivid-red-background-color has-text-color has-background has-large-font-size\">Szent Erzs\u00e9bet Karit\u00e1sz K\u00f6zpont<\/p>\n\n\n\n<p>Sz\u00e9khely: 1071&nbsp; Budapest, Damjanich u. 48.<\/p>\n\n\n\n<p>K\u00f6zponti Iroda c\u00edme: 1033 Budapest, Szentendrei \u00fat 69-71. (K\u00f6vi Sz\u0171z M\u00e1ria Pl\u00e9b\u00e1na)<\/p>\n\n\n\n<p>Telefon: +36 1 351-1977<\/p>\n\n\n\n<p class=\"has-black-color has-text-color\">E-mail: <a href=\"mailto:titkarsag@karitaszkozpont.hu\" target=\"_blank\" rel=\"noreferrer noopener\">titkarsag@karitaszkozpont.hu<\/a><\/p>\n\n\n\n<p class=\"has-black-color has-text-color\">Facebook: <a href=\"https:\/\/www.facebook.com\/szenterzsebetkaritaszkozpont\">Esztergom-Budapesti F\u0151egyh\u00e1zmegye Szent Erzs\u00e9bet Karit\u00e1sz K\u00f6zpont | Budapest | Facebook<\/a><\/p>\n\n\n\n<p>Ad\u00f3sz\u00e1m: 18022373-1-42<\/p>\n\n\n\n<p><strong>CIB Bank: 11100104-18022373-36000001<\/strong><\/p>\n\n\n\n<iframe src=\"https:\/\/www.google.com\/maps\/embed?pb=!1m18!1m12!1m3!1d2115.6876655647493!2d19.042847631477034!3d47.55306485564473!2m3!1f0!2f0!3f0!3m2!1i1024!2i768!4f13.1!3m3!1m2!1s0x4741d97a84a12c2d%3A0x44010d0486217107!2zS8O2dmkgU3rFsXogTcOhcmlhIHBsw6liw6FuaWE!5e0!3m2!1shu!2shu!4v1655015900201!5m2!1shu!2shu\" width=\"600\" height=\"450\" style=\"border:0;\" allowfullscreen=\"\" loading=\"lazy\" referrerpolicy=\"no-referrer-when-downgrade\"><\/iframe>\n\n\n\n<p class=\"has-very-light-gray-color has-vivid-red-background-color has-text-color has-background has-large-font-size\"><strong>Szent Erzs\u00e9bet a Szeg\u00e9nyek\u00e9rt Alap\u00edtv\u00e1ny<\/strong><\/p>\n\n\n\n<p class=\"has-very-dark-gray-color has-text-color\">1033 Budapest, Szentendrei \u00fat 69-71. (K\u00f6vi Sz\u0171z M\u00e1ria Pl\u00e9b\u00e1na)<\/p>\n\n\n\n<p class=\"has-very-dark-gray-color has-text-color\">Telefon: +36 1 351-1977<\/p>\n\n\n\n<p class=\"has-very-dark-gray-color has-text-color\">E-mail: <a href=\"mailto:titkarsag@karitaszkozpont.hu\" target=\"_blank\" rel=\"noreferrer noopener\">titkarsag@karitaszkozpont.hu<\/a><\/p>\n\n\n\n<p class=\"has-very-dark-gray-color has-text-color\">Sz\u00e1mlasz\u00e1munk: <br><strong>CIB Bank:\u00a011100104-18044768-10000001<\/strong><\/p>\n\n\n\n<p class=\"has-very-dark-gray-color has-text-color\">Ad\u00f3sz\u00e1munk: 18044768-1-42<\/p>\n","protected":false},"excerpt":{"rendered":"<p>Szent Erzs\u00e9bet Karit\u00e1sz K\u00f6zpont Sz\u00e9khely: 1071&nbsp; Budapest, Damjanich u. 48. K\u00f6zponti Iroda c\u00edme: 1033 Budapest, Szentendrei \u00fat 69-71. (K\u00f6vi Sz\u0171z M\u00e1ria Pl\u00e9b\u00e1na) Telefon: +36 1 351-1977 E-mail: titkarsag@karitaszkozpont.hu Facebook: Esztergom-Budapesti F\u0151egyh\u00e1zmegye Szent Erzs\u00e9bet Karit\u00e1sz K\u00f6zpont | Budapest | Facebook Ad\u00f3sz\u00e1m: 18022373-1-42 CIB Bank: 11100104-18022373-36000001 Szent Erzs\u00e9bet a Szeg\u00e9nyek\u00e9rt Alap\u00edtv\u00e1ny 1033 Budapest, Szentendrei \u00fat 69-71. (K\u00f6vi &hellip; <\/p>\n<p class=\"link-more\"><a href=\"https:\/\/karitaszkozpont.hu\/?page_id=25\" class=\"more-link\">Continue reading<span class=\"screen-reader-text\"> &#8222;Kapcsolat&#8221;<\/span><\/a><\/p>\n","protected":false},"author":1,"featured_media":0,"parent":0,"menu_order":0,"comment_status":"closed","ping_status":"closed","template":"","meta":[],"yoast_head":"<!-- This site is optimized with the Yoast SEO plugin v20.1 - https:\/\/yoast.com\/wordpress\/plugins\/seo\/ -->\n<title>Kapcsolat - Szent Erzs\u00e9bet Karit\u00e1sz K\u00f6zpont<\/title>\n<meta name=\"robots\" content=\"index, follow, max-snippet:-1, max-image-preview:large, max-video-preview:-1\" \/>\n<link rel=\"canonical\" href=\"https:\/\/karitaszkozpont.hu\/?page_id=25\" \/>\n<meta property=\"og:locale\" content=\"hu_HU\" \/>\n<meta property=\"og:type\" content=\"article\" \/>\n<meta property=\"og:title\" content=\"Kapcsolat - Szent Erzs\u00e9bet Karit\u00e1sz K\u00f6zpont\" \/>\n<meta property=\"og:description\" content=\"Szent Erzs\u00e9bet Karit\u00e1sz K\u00f6zpont Sz\u00e9khely: 1071&nbsp; Budapest, Damjanich u. 48. K\u00f6zponti Iroda c\u00edme: 1033 Budapest, Szentendrei \u00fat 69-71. (K\u00f6vi Sz\u0171z M\u00e1ria Pl\u00e9b\u00e1na) Telefon: +36 1 351-1977 E-mail: titkarsag@karitaszkozpont.hu Facebook: Esztergom-Budapesti F\u0151egyh\u00e1zmegye Szent Erzs\u00e9bet Karit\u00e1sz K\u00f6zpont | Budapest | Facebook Ad\u00f3sz\u00e1m: 18022373-1-42 CIB Bank: 11100104-18022373-36000001 Szent Erzs\u00e9bet a Szeg\u00e9nyek\u00e9rt Alap\u00edtv\u00e1ny 1033 Budapest, Szentendrei \u00fat 69-71. (K\u00f6vi &hellip; Continue reading &quot;Kapcsolat&quot;\" \/>\n<meta property=\"og:url\" content=\"https:\/\/karitaszkozpont.hu\/?page_id=25\" \/>\n<meta property=\"og:site_name\" content=\"Szent Erzs\u00e9bet Karit\u00e1sz K\u00f6zpont\" \/>\n<meta property=\"article:modified_time\" content=\"2026-01-21T15:23:01+00:00\" \/>\n<meta name=\"twitter:card\" content=\"summary_large_image\" \/>\n<meta name=\"twitter:label1\" content=\"Becs\u00fclt olvas\u00e1si id\u0151\" \/>\n\t<meta name=\"twitter:data1\" content=\"1 perc\" \/>\n<script type=\"application\/ld+json\" class=\"yoast-schema-graph\">{\"@context\":\"https:\/\/schema.org\",\"@graph\":[{\"@type\":\"WebPage\",\"@id\":\"https:\/\/karitaszkozpont.hu\/?page_id=25\",\"url\":\"https:\/\/karitaszkozpont.hu\/?page_id=25\",\"name\":\"Kapcsolat - Szent Erzs\u00e9bet Karit\u00e1sz K\u00f6zpont\",\"isPartOf\":{\"@id\":\"https:\/\/karitaszkozpont.hu\/#website\"},\"datePublished\":\"2019-06-17T16:58:30+00:00\",\"dateModified\":\"2026-01-21T15:23:01+00:00\",\"breadcrumb\":{\"@id\":\"https:\/\/karitaszkozpont.hu\/?page_id=25#breadcrumb\"},\"inLanguage\":\"hu\",\"potentialAction\":[{\"@type\":\"ReadAction\",\"target\":[\"https:\/\/karitaszkozpont.hu\/?page_id=25\"]}]},{\"@type\":\"BreadcrumbList\",\"@id\":\"https:\/\/karitaszkozpont.hu\/?page_id=25#breadcrumb\",\"itemListElement\":[{\"@type\":\"ListItem\",\"position\":1,\"name\":\"Kezd\u0151lap\",\"item\":\"https:\/\/karitaszkozpont.hu\/\"},{\"@type\":\"ListItem\",\"position\":2,\"name\":\"Kapcsolat\"}]},{\"@type\":\"WebSite\",\"@id\":\"https:\/\/karitaszkozpont.hu\/#website\",\"url\":\"https:\/\/karitaszkozpont.hu\/\",\"name\":\"Szent Erzs\u00e9bet Karit\u00e1sz K\u00f6zpont\",\"description\":\"Esztergom-Budapesti F\u0151egyh\u00e1zmegye\",\"publisher\":{\"@id\":\"https:\/\/karitaszkozpont.hu\/#organization\"},\"potentialAction\":[{\"@type\":\"SearchAction\",\"target\":{\"@type\":\"EntryPoint\",\"urlTemplate\":\"https:\/\/karitaszkozpont.hu\/?s={search_term_string}\"},\"query-input\":\"required name=search_term_string\"}],\"inLanguage\":\"hu\"},{\"@type\":\"Organization\",\"@id\":\"https:\/\/karitaszkozpont.hu\/#organization\",\"name\":\"Szent Erzs\u00e9bet Karit\u00e1sz K\u00f6zpont\",\"url\":\"https:\/\/karitaszkozpont.hu\/\",\"logo\":{\"@type\":\"ImageObject\",\"inLanguage\":\"hu\",\"@id\":\"https:\/\/karitaszkozpont.hu\/#\/schema\/logo\/image\/\",\"url\":\"https:\/\/karitaszkp.hu\/wp-content\/uploads\/2019\/06\/cropped-logo-arnyekos-1.png\",\"contentUrl\":\"https:\/\/karitaszkp.hu\/wp-content\/uploads\/2019\/06\/cropped-logo-arnyekos-1.png\",\"width\":240,\"height\":247,\"caption\":\"Szent Erzs\u00e9bet Karit\u00e1sz K\u00f6zpont\"},\"image\":{\"@id\":\"https:\/\/karitaszkozpont.hu\/#\/schema\/logo\/image\/\"}}]}<\/script>\n<!-- \/ Yoast SEO plugin. -->","yoast_head_json":{"title":"Kapcsolat - Szent Erzs\u00e9bet Karit\u00e1sz K\u00f6zpont","robots":{"index":"index","follow":"follow","max-snippet":"max-snippet:-1","max-image-preview":"max-image-preview:large","max-video-preview":"max-video-preview:-1"},"canonical":"https:\/\/karitaszkozpont.hu\/?page_id=25","og_locale":"hu_HU","og_type":"article","og_title":"Kapcsolat - Szent Erzs\u00e9bet Karit\u00e1sz K\u00f6zpont","og_description":"Szent Erzs\u00e9bet Karit\u00e1sz K\u00f6zpont Sz\u00e9khely: 1071&nbsp; Budapest, Damjanich u. 48. K\u00f6zponti Iroda c\u00edme: 1033 Budapest, Szentendrei \u00fat 69-71. (K\u00f6vi Sz\u0171z M\u00e1ria Pl\u00e9b\u00e1na) Telefon: +36 1 351-1977 E-mail: titkarsag@karitaszkozpont.hu Facebook: Esztergom-Budapesti F\u0151egyh\u00e1zmegye Szent Erzs\u00e9bet Karit\u00e1sz K\u00f6zpont | Budapest | Facebook Ad\u00f3sz\u00e1m: 18022373-1-42 CIB Bank: 11100104-18022373-36000001 Szent Erzs\u00e9bet a Szeg\u00e9nyek\u00e9rt Alap\u00edtv\u00e1ny 1033 Budapest, Szentendrei \u00fat 69-71. (K\u00f6vi &hellip; Continue reading \"Kapcsolat\"","og_url":"https:\/\/karitaszkozpont.hu\/?page_id=25","og_site_name":"Szent Erzs\u00e9bet Karit\u00e1sz K\u00f6zpont","article_modified_time":"2026-01-21T15:23:01+00:00","twitter_card":"summary_large_image","twitter_misc":{"Becs\u00fclt olvas\u00e1si id\u0151":"1 perc"},"schema":{"@context":"https:\/\/schema.org","@graph":[{"@type":"WebPage","@id":"https:\/\/karitaszkozpont.hu\/?page_id=25","url":"https:\/\/karitaszkozpont.hu\/?page_id=25","name":"Kapcsolat - Szent Erzs\u00e9bet Karit\u00e1sz K\u00f6zpont","isPartOf":{"@id":"https:\/\/karitaszkozpont.hu\/#website"},"datePublished":"2019-06-17T16:58:30+00:00","dateModified":"2026-01-21T15:23:01+00:00","breadcrumb":{"@id":"https:\/\/karitaszkozpont.hu\/?page_id=25#breadcrumb"},"inLanguage":"hu","potentialAction":[{"@type":"ReadAction","target":["https:\/\/karitaszkozpont.hu\/?page_id=25"]}]},{"@type":"BreadcrumbList","@id":"https:\/\/karitaszkozpont.hu\/?page_id=25#breadcrumb","itemListElement":[{"@type":"ListItem","position":1,"name":"Kezd\u0151lap","item":"https:\/\/karitaszkozpont.hu\/"},{"@type":"ListItem","position":2,"name":"Kapcsolat"}]},{"@type":"WebSite","@id":"https:\/\/karitaszkozpont.hu\/#website","url":"https:\/\/karitaszkozpont.hu\/","name":"Szent Erzs\u00e9bet Karit\u00e1sz K\u00f6zpont","description":"Esztergom-Budapesti F\u0151egyh\u00e1zmegye","publisher":{"@id":"https:\/\/karitaszkozpont.hu\/#organization"},"potentialAction":[{"@type":"SearchAction","target":{"@type":"EntryPoint","urlTemplate":"https:\/\/karitaszkozpont.hu\/?s={search_term_string}"},"query-input":"required name=search_term_string"}],"inLanguage":"hu"},{"@type":"Organization","@id":"https:\/\/karitaszkozpont.hu\/#organization","name":"Szent Erzs\u00e9bet Karit\u00e1sz K\u00f6zpont","url":"https:\/\/karitaszkozpont.hu\/","logo":{"@type":"ImageObject","inLanguage":"hu","@id":"https:\/\/karitaszkozpont.hu\/#\/schema\/logo\/image\/","url":"https:\/\/karitaszkp.hu\/wp-content\/uploads\/2019\/06\/cropped-logo-arnyekos-1.png","contentUrl":"https:\/\/karitaszkp.hu\/wp-content\/uploads\/2019\/06\/cropped-logo-arnyekos-1.png","width":240,"height":247,"caption":"Szent Erzs\u00e9bet Karit\u00e1sz K\u00f6zpont"},"image":{"@id":"https:\/\/karitaszkozpont.hu\/#\/schema\/logo\/image\/"}}]}},"_links":{"self":[{"href":"https:\/\/karitaszkozpont.hu\/index.php?rest_route=\/wp\/v2\/pages\/25"}],"collection":[{"href":"https:\/\/karitaszkozpont.hu\/index.php?rest_route=\/wp\/v2\/pages"}],"about":[{"href":"https:\/\/karitaszkozpont.hu\/index.php?rest_route=\/wp\/v2\/types\/page"}],"author":[{"embeddable":true,"href":"https:\/\/karitaszkozpont.hu\/index.php?rest_route=\/wp\/v2\/users\/1"}],"replies":[{"embeddable":true,"href":"https:\/\/karitaszkozpont.hu\/index.php?rest_route=%2Fwp%2Fv2%2Fcomments&post=25"}],"version-history":[{"count":22,"href":"https:\/\/karitaszkozpont.hu\/index.php?rest_route=\/wp\/v2\/pages\/25\/revisions"}],"predecessor-version":[{"id":3706,"href":"https:\/\/karitaszkozpont.hu\/index.php?rest_route=\/wp\/v2\/pages\/25\/revisions\/3706"}],"wp:attachment":[{"href":"https:\/\/karitaszkozpont.hu\/index.php?rest_route=%2Fwp%2Fv2%2Fmedia&parent=25"}],"curies":[{"name":"wp","href":"https:\/\/api.w.org\/{rel}","templated":true}]}}