{"id":19,"date":"2019-06-17T16:57:45","date_gmt":"2019-06-17T16:57:45","guid":{"rendered":"http:\/\/karitaszkp.hu\/?page_id=19"},"modified":"2024-09-23T19:13:16","modified_gmt":"2024-09-23T17:13:16","slug":"tevekenysegeink","status":"publish","type":"page","link":"https:\/\/karitaszkozpont.hu\/?page_id=19","title":{"rendered":"Tev\u00e9kenys\u00e9geink"},"content":{"rendered":"\n<p class=\"has-very-light-gray-color has-vivid-red-background-color has-text-color has-background has-medium-font-size\"><strong>Tev\u00e9kenys\u00e9geink<\/strong><\/p>\n\n\n\n<p class=\"has-background\" style=\"background-color:#cacaca\"><strong>-Szeg\u00e9ny sors\u00fa \u00e9s sokgyermekes csal\u00e1dok, betegek \u00e9s id\u0151skor\u00faak t\u00e1mogat\u00e1sa<\/strong><\/p>\n\n\n\n<p>-Tart\u00f3s \u00e9lelmiszerrel, p\u00e9k\u00e1rument\u00e9sb\u0151l, \u00e9lelmiszerment\u00e9sb\u0151l sz\u00e1rmaz\u00f3 \u00e9lelmiszerekkel<\/p>\n\n\n\n<p>-Gy\u00f3gyszer-t\u00e1mogat\u00e1si programban, valamint B\u00e9res cseppel<\/p>\n\n\n\n<p>-Pelenkat\u00e1mogat\u00e1si programban&nbsp;<\/p>\n\n\n\n<p>-Lakhat\u00e1sseg\u00edt\u0151 (LAK6) programban<\/p>\n\n\n\n<p>-Egy\u00e9ni kr\u00edzis t\u00e1mogat\u00e1si programban<\/p>\n\n\n\n<p>-Otthon melege programban t\u0171zif\u00e1val, k\u00e1lyha adom\u00e1nnyal<\/p>\n\n\n\n<p>-Z\u00f6ldell\u0151 kertek \u2013 \u00f6ngondoskod\u00f3 h\u00e1ztart\u00e1sok programban pal\u00e1nt\u00e1val, vet\u0151maggal<\/p>\n\n\n\n<p>-Iskolakezd\u00e9si t\u00e1mogat\u00e1ssal&nbsp;<\/p>\n\n\n\n<p>-Ny\u00e1ri napk\u00f6zis karit\u00e1sz t\u00e1borokkal \u00e9s kedvezm\u00e9nyes t\u00e1boroz\u00e1si lehet\u0151s\u00e9ggel Miskolctapolc\u00e1n \u00e9s Vonyarcvashegyen<\/p>\n\n\n\n<p>-Ruha- \u00e9s t\u00e1rgyi adom\u00e1nyokkal<\/p>\n\n\n\n<p>-Kar\u00e1csonyi aj\u00e1nd\u00e9kcsomagokkal<\/p>\n\n\n\n<p><\/p>\n\n\n\n<p><\/p>\n\n\n\n<p class=\"has-background\" style=\"background-color:#cacaca\"><strong>-Menek\u00fcltek seg\u00edt\u00e9se, humanit\u00e1rius tev\u00e9kenys\u00e9g&nbsp;<\/strong><\/p>\n\n\n\n<p>-A h\u00e1bor\u00fas menek\u00fcltek fogad\u00e1sa \u00e9s t\u00e1mogat\u00e1sa r\u00f6vid- \u00e9s hossz\u00fa t\u00e1von<\/p>\n\n\n\n<p>-Seg\u00e9lysz\u00e1ll\u00edtm\u00e1nyokkal K\u00e1rp\u00e1talj\u00e1ra&nbsp;<\/p>\n\n\n\n<p>-Venezuelai \u00e9s m\u00e1s, menek\u00fclt st\u00e1tusz\u00fa k\u00fclf\u00f6ldi csal\u00e1dok seg\u00edt\u00e9se&nbsp;<\/p>\n\n\n\n<p><\/p>\n\n\n\n<p class=\"has-background\" style=\"background-color:#cacaca\"><strong>-K\u00f6z\u00f6ss\u00e9gi, lelki programok<\/strong>&nbsp;<\/p>\n\n\n\n<p>-rendszeres karit\u00e1sz lelki napok&nbsp;<\/p>\n\n\n\n<p>-inform\u00e1ci\u00f3s napok karit\u00e1sz \u00f6nk\u00e9ntesek r\u00e9sz\u00e9re<\/p>\n\n\n\n<p>-seg\u00edt\u0151k k\u00e9pz\u00e9se<\/p>\n\n\n\n<p>-csal\u00e1di napok<\/p>\n\n\n\n<p>-karit\u00e1sz szentmis\u00e9k&nbsp;<\/p>\n\n\n\n<p>-r\u00e9szv\u00e9tel a F\u0151egyh\u00e1zmegye esem\u00e9nyein, egyh\u00e1zi \u00fcnnepeken&nbsp;<\/p>\n\n\n\n<p>-Tev\u00e9keny szeretet \u2013 k\u00e9theti m\u0171sor a M\u00e1ria R\u00e1di\u00f3ban<\/p>\n","protected":false},"excerpt":{"rendered":"<p>Tev\u00e9kenys\u00e9geink -Szeg\u00e9ny sors\u00fa \u00e9s sokgyermekes csal\u00e1dok, betegek \u00e9s id\u0151skor\u00faak t\u00e1mogat\u00e1sa -Tart\u00f3s \u00e9lelmiszerrel, p\u00e9k\u00e1rument\u00e9sb\u0151l, \u00e9lelmiszerment\u00e9sb\u0151l sz\u00e1rmaz\u00f3 \u00e9lelmiszerekkel -Gy\u00f3gyszer-t\u00e1mogat\u00e1si programban, valamint B\u00e9res cseppel -Pelenkat\u00e1mogat\u00e1si programban&nbsp; -Lakhat\u00e1sseg\u00edt\u0151 (LAK6) programban -Egy\u00e9ni kr\u00edzis t\u00e1mogat\u00e1si programban -Otthon melege programban t\u0171zif\u00e1val, k\u00e1lyha adom\u00e1nnyal -Z\u00f6ldell\u0151 kertek \u2013 \u00f6ngondoskod\u00f3 h\u00e1ztart\u00e1sok programban pal\u00e1nt\u00e1val, vet\u0151maggal -Iskolakezd\u00e9si t\u00e1mogat\u00e1ssal&nbsp; -Ny\u00e1ri napk\u00f6zis karit\u00e1sz t\u00e1borokkal \u00e9s kedvezm\u00e9nyes t\u00e1boroz\u00e1si lehet\u0151s\u00e9ggel Miskolctapolc\u00e1n &hellip; <\/p>\n<p class=\"link-more\"><a href=\"https:\/\/karitaszkozpont.hu\/?page_id=19\" class=\"more-link\">Continue reading<span class=\"screen-reader-text\"> &#8222;Tev\u00e9kenys\u00e9geink&#8221;<\/span><\/a><\/p>\n","protected":false},"author":1,"featured_media":0,"parent":0,"menu_order":0,"comment_status":"closed","ping_status":"closed","template":"","meta":[],"yoast_head":"<!-- This site is optimized with the Yoast SEO plugin v20.1 - https:\/\/yoast.com\/wordpress\/plugins\/seo\/ -->\n<title>Tev\u00e9kenys\u00e9geink - Szent Erzs\u00e9bet Karit\u00e1sz K\u00f6zpont<\/title>\n<meta name=\"robots\" content=\"index, follow, max-snippet:-1, max-image-preview:large, max-video-preview:-1\" \/>\n<link rel=\"canonical\" href=\"https:\/\/karitaszkozpont.hu\/?page_id=19\" \/>\n<meta property=\"og:locale\" content=\"hu_HU\" \/>\n<meta property=\"og:type\" content=\"article\" \/>\n<meta property=\"og:title\" content=\"Tev\u00e9kenys\u00e9geink - Szent Erzs\u00e9bet Karit\u00e1sz K\u00f6zpont\" \/>\n<meta property=\"og:description\" content=\"Tev\u00e9kenys\u00e9geink -Szeg\u00e9ny sors\u00fa \u00e9s sokgyermekes csal\u00e1dok, betegek \u00e9s id\u0151skor\u00faak t\u00e1mogat\u00e1sa -Tart\u00f3s \u00e9lelmiszerrel, p\u00e9k\u00e1rument\u00e9sb\u0151l, \u00e9lelmiszerment\u00e9sb\u0151l sz\u00e1rmaz\u00f3 \u00e9lelmiszerekkel -Gy\u00f3gyszer-t\u00e1mogat\u00e1si programban, valamint B\u00e9res cseppel -Pelenkat\u00e1mogat\u00e1si programban&nbsp; -Lakhat\u00e1sseg\u00edt\u0151 (LAK6) programban -Egy\u00e9ni kr\u00edzis t\u00e1mogat\u00e1si programban -Otthon melege programban t\u0171zif\u00e1val, k\u00e1lyha adom\u00e1nnyal -Z\u00f6ldell\u0151 kertek \u2013 \u00f6ngondoskod\u00f3 h\u00e1ztart\u00e1sok programban pal\u00e1nt\u00e1val, vet\u0151maggal -Iskolakezd\u00e9si t\u00e1mogat\u00e1ssal&nbsp; -Ny\u00e1ri napk\u00f6zis karit\u00e1sz t\u00e1borokkal \u00e9s kedvezm\u00e9nyes t\u00e1boroz\u00e1si lehet\u0151s\u00e9ggel Miskolctapolc\u00e1n &hellip; Continue reading &quot;Tev\u00e9kenys\u00e9geink&quot;\" \/>\n<meta property=\"og:url\" content=\"https:\/\/karitaszkozpont.hu\/?page_id=19\" \/>\n<meta property=\"og:site_name\" content=\"Szent Erzs\u00e9bet Karit\u00e1sz K\u00f6zpont\" \/>\n<meta property=\"article:modified_time\" content=\"2024-09-23T17:13:16+00:00\" \/>\n<meta name=\"twitter:card\" content=\"summary_large_image\" \/>\n<meta name=\"twitter:label1\" content=\"Becs\u00fclt olvas\u00e1si id\u0151\" \/>\n\t<meta name=\"twitter:data1\" content=\"1 perc\" \/>\n<script type=\"application\/ld+json\" class=\"yoast-schema-graph\">{\"@context\":\"https:\/\/schema.org\",\"@graph\":[{\"@type\":\"WebPage\",\"@id\":\"https:\/\/karitaszkozpont.hu\/?page_id=19\",\"url\":\"https:\/\/karitaszkozpont.hu\/?page_id=19\",\"name\":\"Tev\u00e9kenys\u00e9geink - Szent Erzs\u00e9bet Karit\u00e1sz K\u00f6zpont\",\"isPartOf\":{\"@id\":\"https:\/\/karitaszkozpont.hu\/#website\"},\"datePublished\":\"2019-06-17T16:57:45+00:00\",\"dateModified\":\"2024-09-23T17:13:16+00:00\",\"breadcrumb\":{\"@id\":\"https:\/\/karitaszkozpont.hu\/?page_id=19#breadcrumb\"},\"inLanguage\":\"hu\",\"potentialAction\":[{\"@type\":\"ReadAction\",\"target\":[\"https:\/\/karitaszkozpont.hu\/?page_id=19\"]}]},{\"@type\":\"BreadcrumbList\",\"@id\":\"https:\/\/karitaszkozpont.hu\/?page_id=19#breadcrumb\",\"itemListElement\":[{\"@type\":\"ListItem\",\"position\":1,\"name\":\"Kezd\u0151lap\",\"item\":\"https:\/\/karitaszkozpont.hu\/\"},{\"@type\":\"ListItem\",\"position\":2,\"name\":\"Tev\u00e9kenys\u00e9geink\"}]},{\"@type\":\"WebSite\",\"@id\":\"https:\/\/karitaszkozpont.hu\/#website\",\"url\":\"https:\/\/karitaszkozpont.hu\/\",\"name\":\"Szent Erzs\u00e9bet Karit\u00e1sz K\u00f6zpont\",\"description\":\"Esztergom-Budapesti F\u0151egyh\u00e1zmegye\",\"publisher\":{\"@id\":\"https:\/\/karitaszkozpont.hu\/#organization\"},\"potentialAction\":[{\"@type\":\"SearchAction\",\"target\":{\"@type\":\"EntryPoint\",\"urlTemplate\":\"https:\/\/karitaszkozpont.hu\/?s={search_term_string}\"},\"query-input\":\"required name=search_term_string\"}],\"inLanguage\":\"hu\"},{\"@type\":\"Organization\",\"@id\":\"https:\/\/karitaszkozpont.hu\/#organization\",\"name\":\"Szent Erzs\u00e9bet Karit\u00e1sz K\u00f6zpont\",\"url\":\"https:\/\/karitaszkozpont.hu\/\",\"logo\":{\"@type\":\"ImageObject\",\"inLanguage\":\"hu\",\"@id\":\"https:\/\/karitaszkozpont.hu\/#\/schema\/logo\/image\/\",\"url\":\"https:\/\/karitaszkp.hu\/wp-content\/uploads\/2019\/06\/cropped-logo-arnyekos-1.png\",\"contentUrl\":\"https:\/\/karitaszkp.hu\/wp-content\/uploads\/2019\/06\/cropped-logo-arnyekos-1.png\",\"width\":240,\"height\":247,\"caption\":\"Szent Erzs\u00e9bet Karit\u00e1sz K\u00f6zpont\"},\"image\":{\"@id\":\"https:\/\/karitaszkozpont.hu\/#\/schema\/logo\/image\/\"}}]}<\/script>\n<!-- \/ Yoast SEO plugin. -->","yoast_head_json":{"title":"Tev\u00e9kenys\u00e9geink - Szent Erzs\u00e9bet Karit\u00e1sz K\u00f6zpont","robots":{"index":"index","follow":"follow","max-snippet":"max-snippet:-1","max-image-preview":"max-image-preview:large","max-video-preview":"max-video-preview:-1"},"canonical":"https:\/\/karitaszkozpont.hu\/?page_id=19","og_locale":"hu_HU","og_type":"article","og_title":"Tev\u00e9kenys\u00e9geink - Szent Erzs\u00e9bet Karit\u00e1sz K\u00f6zpont","og_description":"Tev\u00e9kenys\u00e9geink -Szeg\u00e9ny sors\u00fa \u00e9s sokgyermekes csal\u00e1dok, betegek \u00e9s id\u0151skor\u00faak t\u00e1mogat\u00e1sa -Tart\u00f3s \u00e9lelmiszerrel, p\u00e9k\u00e1rument\u00e9sb\u0151l, \u00e9lelmiszerment\u00e9sb\u0151l sz\u00e1rmaz\u00f3 \u00e9lelmiszerekkel -Gy\u00f3gyszer-t\u00e1mogat\u00e1si programban, valamint B\u00e9res cseppel -Pelenkat\u00e1mogat\u00e1si programban&nbsp; -Lakhat\u00e1sseg\u00edt\u0151 (LAK6) programban -Egy\u00e9ni kr\u00edzis t\u00e1mogat\u00e1si programban -Otthon melege programban t\u0171zif\u00e1val, k\u00e1lyha adom\u00e1nnyal -Z\u00f6ldell\u0151 kertek \u2013 \u00f6ngondoskod\u00f3 h\u00e1ztart\u00e1sok programban pal\u00e1nt\u00e1val, vet\u0151maggal -Iskolakezd\u00e9si t\u00e1mogat\u00e1ssal&nbsp; -Ny\u00e1ri napk\u00f6zis karit\u00e1sz t\u00e1borokkal \u00e9s kedvezm\u00e9nyes t\u00e1boroz\u00e1si lehet\u0151s\u00e9ggel Miskolctapolc\u00e1n &hellip; Continue reading \"Tev\u00e9kenys\u00e9geink\"","og_url":"https:\/\/karitaszkozpont.hu\/?page_id=19","og_site_name":"Szent Erzs\u00e9bet Karit\u00e1sz K\u00f6zpont","article_modified_time":"2024-09-23T17:13:16+00:00","twitter_card":"summary_large_image","twitter_misc":{"Becs\u00fclt olvas\u00e1si id\u0151":"1 perc"},"schema":{"@context":"https:\/\/schema.org","@graph":[{"@type":"WebPage","@id":"https:\/\/karitaszkozpont.hu\/?page_id=19","url":"https:\/\/karitaszkozpont.hu\/?page_id=19","name":"Tev\u00e9kenys\u00e9geink - Szent Erzs\u00e9bet Karit\u00e1sz K\u00f6zpont","isPartOf":{"@id":"https:\/\/karitaszkozpont.hu\/#website"},"datePublished":"2019-06-17T16:57:45+00:00","dateModified":"2024-09-23T17:13:16+00:00","breadcrumb":{"@id":"https:\/\/karitaszkozpont.hu\/?page_id=19#breadcrumb"},"inLanguage":"hu","potentialAction":[{"@type":"ReadAction","target":["https:\/\/karitaszkozpont.hu\/?page_id=19"]}]},{"@type":"BreadcrumbList","@id":"https:\/\/karitaszkozpont.hu\/?page_id=19#breadcrumb","itemListElement":[{"@type":"ListItem","position":1,"name":"Kezd\u0151lap","item":"https:\/\/karitaszkozpont.hu\/"},{"@type":"ListItem","position":2,"name":"Tev\u00e9kenys\u00e9geink"}]},{"@type":"WebSite","@id":"https:\/\/karitaszkozpont.hu\/#website","url":"https:\/\/karitaszkozpont.hu\/","name":"Szent Erzs\u00e9bet Karit\u00e1sz K\u00f6zpont","description":"Esztergom-Budapesti F\u0151egyh\u00e1zmegye","publisher":{"@id":"https:\/\/karitaszkozpont.hu\/#organization"},"potentialAction":[{"@type":"SearchAction","target":{"@type":"EntryPoint","urlTemplate":"https:\/\/karitaszkozpont.hu\/?s={search_term_string}"},"query-input":"required name=search_term_string"}],"inLanguage":"hu"},{"@type":"Organization","@id":"https:\/\/karitaszkozpont.hu\/#organization","name":"Szent Erzs\u00e9bet Karit\u00e1sz K\u00f6zpont","url":"https:\/\/karitaszkozpont.hu\/","logo":{"@type":"ImageObject","inLanguage":"hu","@id":"https:\/\/karitaszkozpont.hu\/#\/schema\/logo\/image\/","url":"https:\/\/karitaszkp.hu\/wp-content\/uploads\/2019\/06\/cropped-logo-arnyekos-1.png","contentUrl":"https:\/\/karitaszkp.hu\/wp-content\/uploads\/2019\/06\/cropped-logo-arnyekos-1.png","width":240,"height":247,"caption":"Szent Erzs\u00e9bet Karit\u00e1sz K\u00f6zpont"},"image":{"@id":"https:\/\/karitaszkozpont.hu\/#\/schema\/logo\/image\/"}}]}},"_links":{"self":[{"href":"https:\/\/karitaszkozpont.hu\/index.php?rest_route=\/wp\/v2\/pages\/19"}],"collection":[{"href":"https:\/\/karitaszkozpont.hu\/index.php?rest_route=\/wp\/v2\/pages"}],"about":[{"href":"https:\/\/karitaszkozpont.hu\/index.php?rest_route=\/wp\/v2\/types\/page"}],"author":[{"embeddable":true,"href":"https:\/\/karitaszkozpont.hu\/index.php?rest_route=\/wp\/v2\/users\/1"}],"replies":[{"embeddable":true,"href":"https:\/\/karitaszkozpont.hu\/index.php?rest_route=%2Fwp%2Fv2%2Fcomments&post=19"}],"version-history":[{"count":15,"href":"https:\/\/karitaszkozpont.hu\/index.php?rest_route=\/wp\/v2\/pages\/19\/revisions"}],"predecessor-version":[{"id":3458,"href":"https:\/\/karitaszkozpont.hu\/index.php?rest_route=\/wp\/v2\/pages\/19\/revisions\/3458"}],"wp:attachment":[{"href":"https:\/\/karitaszkozpont.hu\/index.php?rest_route=%2Fwp%2Fv2%2Fmedia&parent=19"}],"curies":[{"name":"wp","href":"https:\/\/api.w.org\/{rel}","templated":true}]}}