{"id":11,"date":"2019-06-17T16:56:26","date_gmt":"2019-06-17T16:56:26","guid":{"rendered":"http:\/\/karitaszkp.hu\/?page_id=11"},"modified":"2025-06-26T14:40:30","modified_gmt":"2025-06-26T12:40:30","slug":"segitene","status":"publish","type":"page","link":"https:\/\/karitaszkozpont.hu\/?page_id=11","title":{"rendered":"Seg\u00edtene?"},"content":{"rendered":"\n<p class=\"has-very-light-gray-color has-vivid-red-background-color has-text-color has-background has-large-font-size\">Seg\u00edtene?<\/p>\n\n\n\n<h3>CIB BANK 11100104-18022373-36000001<\/h3>\n\n\n\n<p><strong>IBAN:&nbsp;HU15111001041802237336000001<\/strong><br><strong>Ad\u00f3sz\u00e1munk: 18022373-1-42<\/strong><br><\/p>\n\n\n\n<p class=\"has-very-dark-gray-color has-text-color has-background has-medium-font-size\" style=\"background-color:#cacaca\">Munk\u00e1nkat seg\u00edtheti:<\/p>\n\n\n\n<p class=\"has-very-dark-gray-color has-text-color\">Ahhoz, hogy a r\u00e1szorul\u00f3k\u00e9rt \u00e9s bajba jutottak\u00e9rt v\u00e9gzett munk\u00e1nkat nap mint nap v\u00e9gezhess\u00fck, sz\u00fcks\u00e9g\u00fcnk van az<strong> \u00d6n t\u00e1mogat\u00e1s\u00e1ra<\/strong> is.<\/p>\n\n\n\n<p class=\"has-very-dark-gray-color has-text-color\">Seg\u00e9lyszervezet\u00fcnk tev\u00e9kenys\u00e9g\u00e9nek min\u00e9l sz\u00e9lesebb k\u00f6rben val\u00f3 folytat\u00e1s\u00e1hoz elengedhetetlen sz\u00fcks\u00e9g\u00fcnk van t\u00e1mogat\u00f3ink nagylelk\u0171 adom\u00e1nyaira. T\u00e1mogat\u00e1s\u00e1val \u00d6n hat\u00e9kony r\u00e9szes\u00e9v\u00e9 v\u00e1lik munk\u00e1nak.<\/p>\n\n\n\n<p class=\"has-very-dark-gray-color has-text-color has-background\" style=\"background-color:#cacaca\"><strong>Anyagi t\u00e1mogat\u00e1st szervezet\u00fcnk az al\u00e1bbi banksz\u00e1mlasz\u00e1mon tud fogadni:<\/strong><\/p>\n\n\n\n<p>CIB BANK 11100104-18022373-36000001<\/p>\n\n\n\n<p><strong>IBAN:\u00a0HU15111001041802237336000001<\/strong><\/p>\n\n\n\n<p><strong>Ad\u00f3sz\u00e1munk: 18022373-1-42<\/strong><br><\/p>\n\n\n\n<p class=\"has-very-dark-gray-color has-text-color\"><strong>Nagylelk\u0171 t\u00e1mogat\u00e1s\u00e1t h\u00e1l\u00e1san k\u00f6sz\u00f6nj\u00fck!<\/strong><\/p>\n\n\n\n<p class=\"has-very-dark-gray-color has-text-color\">Amennyiben befizetett adom\u00e1nya ut\u00e1n ad\u00f3kedvezm\u00e9nyt szeretne ig\u00e9nybe venni, k\u00e9rj\u00fck, t\u00e1mogassa alap\u00edtv\u00e1nyunkat, ahol lehet\u0151s\u00e9get biztos\u00edtunk a tart\u00f3s adom\u00e1nyoz\u00e1si szerz\u0151d\u00e9sk\u00f6t\u00e9sre is.<\/p>\n\n\n\n<div style=\"height:100px\" aria-hidden=\"true\" class=\"wp-block-spacer\"><\/div>\n\n\n\n<p class=\"has-very-light-gray-color has-vivid-red-background-color has-text-color has-background has-medium-font-size\">\u00f6nk\u00e9ntes munk\u00e1val:<\/p>\n\n\n\n<p class=\"has-very-dark-gray-color has-text-color\">Amennyiben munk\u00e1nkat \u00f6nk\u00e9ntesk\u00e9nt, felaj\u00e1nlott idej\u00e9vel szeretn\u00e9 t\u00e1mogatni, k\u00e9rj\u00fck <a href=\"https:\/\/karitaszkozpont.hu\/?page_id=25\" target=\"_blank\" rel=\"noreferrer noopener\">el\u00e9rhet\u0151s\u00e9geinken<\/a> keressen meg benn\u00fcnket egyeztet\u00e9s c\u00e9lj\u00e1b\u00f3l!<\/p>\n\n\n\n<div style=\"height:100px\" aria-hidden=\"true\" class=\"wp-block-spacer\"><\/div>\n\n\n\n<p class=\"has-very-light-gray-color has-vivid-red-background-color has-text-color has-background has-medium-font-size\">\u00e9s t\u00e1rgyi adom\u00e1nyokkal is:<\/p>\n\n\n\n<p class=\"has-very-dark-gray-color has-text-color\">Amennyiben munk\u00e1nkat t\u00e1rgyi adom\u00e1nnyal szeretn\u00e9 t\u00e1mogatni, k\u00e9rj\u00fck keressen benn\u00fcnket <a href=\"https:\/\/karitaszkozpont.hu\/?page_id=25\" target=\"_blank\" rel=\"noreferrer noopener\">el\u00e9rhet\u0151s\u00e9geinken<\/a> egyeztet\u00e9s c\u00e9lj\u00e1b\u00f3l.<\/p>\n\n\n\n<p class=\"has-very-dark-gray-color has-text-color\">Munkat\u00e1rsaink seg\u00edtenek abban, hogy adom\u00e1nya eljusson a r\u00e1szorul\u00f3khoz, legyen az ak\u00e1r <strong>\u00e9lelmiszer, vagy \u00e9ppen h\u00e1ztart\u00e1si eszk\u00f6z<\/strong>.<\/p>\n","protected":false},"excerpt":{"rendered":"<p>Seg\u00edtene? CIB BANK 11100104-18022373-36000001 IBAN:&nbsp;HU15111001041802237336000001Ad\u00f3sz\u00e1munk: 18022373-1-42 Munk\u00e1nkat seg\u00edtheti: Ahhoz, hogy a r\u00e1szorul\u00f3k\u00e9rt \u00e9s bajba jutottak\u00e9rt v\u00e9gzett munk\u00e1nkat nap mint nap v\u00e9gezhess\u00fck, sz\u00fcks\u00e9g\u00fcnk van az \u00d6n t\u00e1mogat\u00e1s\u00e1ra is. Seg\u00e9lyszervezet\u00fcnk tev\u00e9kenys\u00e9g\u00e9nek min\u00e9l sz\u00e9lesebb k\u00f6rben val\u00f3 folytat\u00e1s\u00e1hoz elengedhetetlen sz\u00fcks\u00e9g\u00fcnk van t\u00e1mogat\u00f3ink nagylelk\u0171 adom\u00e1nyaira. T\u00e1mogat\u00e1s\u00e1val \u00d6n hat\u00e9kony r\u00e9szes\u00e9v\u00e9 v\u00e1lik munk\u00e1nak. Anyagi t\u00e1mogat\u00e1st szervezet\u00fcnk az al\u00e1bbi banksz\u00e1mlasz\u00e1mon tud fogadni: CIB &hellip; <\/p>\n<p class=\"link-more\"><a href=\"https:\/\/karitaszkozpont.hu\/?page_id=11\" class=\"more-link\">Continue reading<span class=\"screen-reader-text\"> &#8222;Seg\u00edtene?&#8221;<\/span><\/a><\/p>\n","protected":false},"author":1,"featured_media":0,"parent":0,"menu_order":0,"comment_status":"closed","ping_status":"closed","template":"","meta":[],"yoast_head":"<!-- This site is optimized with the Yoast SEO plugin v20.1 - https:\/\/yoast.com\/wordpress\/plugins\/seo\/ -->\n<title>Seg\u00edtene? - Szent Erzs\u00e9bet Karit\u00e1sz K\u00f6zpont<\/title>\n<meta name=\"robots\" content=\"index, follow, max-snippet:-1, max-image-preview:large, max-video-preview:-1\" \/>\n<link rel=\"canonical\" href=\"https:\/\/karitaszkozpont.hu\/?page_id=11\" \/>\n<meta property=\"og:locale\" content=\"hu_HU\" \/>\n<meta property=\"og:type\" content=\"article\" \/>\n<meta property=\"og:title\" content=\"Seg\u00edtene? - Szent Erzs\u00e9bet Karit\u00e1sz K\u00f6zpont\" \/>\n<meta property=\"og:description\" content=\"Seg\u00edtene? CIB BANK 11100104-18022373-36000001 IBAN:&nbsp;HU15111001041802237336000001Ad\u00f3sz\u00e1munk: 18022373-1-42 Munk\u00e1nkat seg\u00edtheti: Ahhoz, hogy a r\u00e1szorul\u00f3k\u00e9rt \u00e9s bajba jutottak\u00e9rt v\u00e9gzett munk\u00e1nkat nap mint nap v\u00e9gezhess\u00fck, sz\u00fcks\u00e9g\u00fcnk van az \u00d6n t\u00e1mogat\u00e1s\u00e1ra is. Seg\u00e9lyszervezet\u00fcnk tev\u00e9kenys\u00e9g\u00e9nek min\u00e9l sz\u00e9lesebb k\u00f6rben val\u00f3 folytat\u00e1s\u00e1hoz elengedhetetlen sz\u00fcks\u00e9g\u00fcnk van t\u00e1mogat\u00f3ink nagylelk\u0171 adom\u00e1nyaira. T\u00e1mogat\u00e1s\u00e1val \u00d6n hat\u00e9kony r\u00e9szes\u00e9v\u00e9 v\u00e1lik munk\u00e1nak. Anyagi t\u00e1mogat\u00e1st szervezet\u00fcnk az al\u00e1bbi banksz\u00e1mlasz\u00e1mon tud fogadni: CIB &hellip; Continue reading &quot;Seg\u00edtene?&quot;\" \/>\n<meta property=\"og:url\" content=\"https:\/\/karitaszkozpont.hu\/?page_id=11\" \/>\n<meta property=\"og:site_name\" content=\"Szent Erzs\u00e9bet Karit\u00e1sz K\u00f6zpont\" \/>\n<meta property=\"article:modified_time\" content=\"2025-06-26T12:40:30+00:00\" \/>\n<meta name=\"twitter:card\" content=\"summary_large_image\" \/>\n<meta name=\"twitter:label1\" content=\"Becs\u00fclt olvas\u00e1si id\u0151\" \/>\n\t<meta name=\"twitter:data1\" content=\"1 perc\" \/>\n<script type=\"application\/ld+json\" class=\"yoast-schema-graph\">{\"@context\":\"https:\/\/schema.org\",\"@graph\":[{\"@type\":\"WebPage\",\"@id\":\"https:\/\/karitaszkozpont.hu\/?page_id=11\",\"url\":\"https:\/\/karitaszkozpont.hu\/?page_id=11\",\"name\":\"Seg\u00edtene? - Szent Erzs\u00e9bet Karit\u00e1sz K\u00f6zpont\",\"isPartOf\":{\"@id\":\"https:\/\/karitaszkozpont.hu\/#website\"},\"datePublished\":\"2019-06-17T16:56:26+00:00\",\"dateModified\":\"2025-06-26T12:40:30+00:00\",\"breadcrumb\":{\"@id\":\"https:\/\/karitaszkozpont.hu\/?page_id=11#breadcrumb\"},\"inLanguage\":\"hu\",\"potentialAction\":[{\"@type\":\"ReadAction\",\"target\":[\"https:\/\/karitaszkozpont.hu\/?page_id=11\"]}]},{\"@type\":\"BreadcrumbList\",\"@id\":\"https:\/\/karitaszkozpont.hu\/?page_id=11#breadcrumb\",\"itemListElement\":[{\"@type\":\"ListItem\",\"position\":1,\"name\":\"Kezd\u0151lap\",\"item\":\"https:\/\/karitaszkozpont.hu\/\"},{\"@type\":\"ListItem\",\"position\":2,\"name\":\"Seg\u00edtene?\"}]},{\"@type\":\"WebSite\",\"@id\":\"https:\/\/karitaszkozpont.hu\/#website\",\"url\":\"https:\/\/karitaszkozpont.hu\/\",\"name\":\"Szent Erzs\u00e9bet Karit\u00e1sz K\u00f6zpont\",\"description\":\"Esztergom-Budapesti F\u0151egyh\u00e1zmegye\",\"publisher\":{\"@id\":\"https:\/\/karitaszkozpont.hu\/#organization\"},\"potentialAction\":[{\"@type\":\"SearchAction\",\"target\":{\"@type\":\"EntryPoint\",\"urlTemplate\":\"https:\/\/karitaszkozpont.hu\/?s={search_term_string}\"},\"query-input\":\"required name=search_term_string\"}],\"inLanguage\":\"hu\"},{\"@type\":\"Organization\",\"@id\":\"https:\/\/karitaszkozpont.hu\/#organization\",\"name\":\"Szent Erzs\u00e9bet Karit\u00e1sz K\u00f6zpont\",\"url\":\"https:\/\/karitaszkozpont.hu\/\",\"logo\":{\"@type\":\"ImageObject\",\"inLanguage\":\"hu\",\"@id\":\"https:\/\/karitaszkozpont.hu\/#\/schema\/logo\/image\/\",\"url\":\"https:\/\/karitaszkp.hu\/wp-content\/uploads\/2019\/06\/cropped-logo-arnyekos-1.png\",\"contentUrl\":\"https:\/\/karitaszkp.hu\/wp-content\/uploads\/2019\/06\/cropped-logo-arnyekos-1.png\",\"width\":240,\"height\":247,\"caption\":\"Szent Erzs\u00e9bet Karit\u00e1sz K\u00f6zpont\"},\"image\":{\"@id\":\"https:\/\/karitaszkozpont.hu\/#\/schema\/logo\/image\/\"}}]}<\/script>\n<!-- \/ Yoast SEO plugin. -->","yoast_head_json":{"title":"Seg\u00edtene? - Szent Erzs\u00e9bet Karit\u00e1sz K\u00f6zpont","robots":{"index":"index","follow":"follow","max-snippet":"max-snippet:-1","max-image-preview":"max-image-preview:large","max-video-preview":"max-video-preview:-1"},"canonical":"https:\/\/karitaszkozpont.hu\/?page_id=11","og_locale":"hu_HU","og_type":"article","og_title":"Seg\u00edtene? - Szent Erzs\u00e9bet Karit\u00e1sz K\u00f6zpont","og_description":"Seg\u00edtene? CIB BANK 11100104-18022373-36000001 IBAN:&nbsp;HU15111001041802237336000001Ad\u00f3sz\u00e1munk: 18022373-1-42 Munk\u00e1nkat seg\u00edtheti: Ahhoz, hogy a r\u00e1szorul\u00f3k\u00e9rt \u00e9s bajba jutottak\u00e9rt v\u00e9gzett munk\u00e1nkat nap mint nap v\u00e9gezhess\u00fck, sz\u00fcks\u00e9g\u00fcnk van az \u00d6n t\u00e1mogat\u00e1s\u00e1ra is. Seg\u00e9lyszervezet\u00fcnk tev\u00e9kenys\u00e9g\u00e9nek min\u00e9l sz\u00e9lesebb k\u00f6rben val\u00f3 folytat\u00e1s\u00e1hoz elengedhetetlen sz\u00fcks\u00e9g\u00fcnk van t\u00e1mogat\u00f3ink nagylelk\u0171 adom\u00e1nyaira. T\u00e1mogat\u00e1s\u00e1val \u00d6n hat\u00e9kony r\u00e9szes\u00e9v\u00e9 v\u00e1lik munk\u00e1nak. Anyagi t\u00e1mogat\u00e1st szervezet\u00fcnk az al\u00e1bbi banksz\u00e1mlasz\u00e1mon tud fogadni: CIB &hellip; Continue reading \"Seg\u00edtene?\"","og_url":"https:\/\/karitaszkozpont.hu\/?page_id=11","og_site_name":"Szent Erzs\u00e9bet Karit\u00e1sz K\u00f6zpont","article_modified_time":"2025-06-26T12:40:30+00:00","twitter_card":"summary_large_image","twitter_misc":{"Becs\u00fclt olvas\u00e1si id\u0151":"1 perc"},"schema":{"@context":"https:\/\/schema.org","@graph":[{"@type":"WebPage","@id":"https:\/\/karitaszkozpont.hu\/?page_id=11","url":"https:\/\/karitaszkozpont.hu\/?page_id=11","name":"Seg\u00edtene? - Szent Erzs\u00e9bet Karit\u00e1sz K\u00f6zpont","isPartOf":{"@id":"https:\/\/karitaszkozpont.hu\/#website"},"datePublished":"2019-06-17T16:56:26+00:00","dateModified":"2025-06-26T12:40:30+00:00","breadcrumb":{"@id":"https:\/\/karitaszkozpont.hu\/?page_id=11#breadcrumb"},"inLanguage":"hu","potentialAction":[{"@type":"ReadAction","target":["https:\/\/karitaszkozpont.hu\/?page_id=11"]}]},{"@type":"BreadcrumbList","@id":"https:\/\/karitaszkozpont.hu\/?page_id=11#breadcrumb","itemListElement":[{"@type":"ListItem","position":1,"name":"Kezd\u0151lap","item":"https:\/\/karitaszkozpont.hu\/"},{"@type":"ListItem","position":2,"name":"Seg\u00edtene?"}]},{"@type":"WebSite","@id":"https:\/\/karitaszkozpont.hu\/#website","url":"https:\/\/karitaszkozpont.hu\/","name":"Szent Erzs\u00e9bet Karit\u00e1sz K\u00f6zpont","description":"Esztergom-Budapesti F\u0151egyh\u00e1zmegye","publisher":{"@id":"https:\/\/karitaszkozpont.hu\/#organization"},"potentialAction":[{"@type":"SearchAction","target":{"@type":"EntryPoint","urlTemplate":"https:\/\/karitaszkozpont.hu\/?s={search_term_string}"},"query-input":"required name=search_term_string"}],"inLanguage":"hu"},{"@type":"Organization","@id":"https:\/\/karitaszkozpont.hu\/#organization","name":"Szent Erzs\u00e9bet Karit\u00e1sz K\u00f6zpont","url":"https:\/\/karitaszkozpont.hu\/","logo":{"@type":"ImageObject","inLanguage":"hu","@id":"https:\/\/karitaszkozpont.hu\/#\/schema\/logo\/image\/","url":"https:\/\/karitaszkp.hu\/wp-content\/uploads\/2019\/06\/cropped-logo-arnyekos-1.png","contentUrl":"https:\/\/karitaszkp.hu\/wp-content\/uploads\/2019\/06\/cropped-logo-arnyekos-1.png","width":240,"height":247,"caption":"Szent Erzs\u00e9bet Karit\u00e1sz K\u00f6zpont"},"image":{"@id":"https:\/\/karitaszkozpont.hu\/#\/schema\/logo\/image\/"}}]}},"_links":{"self":[{"href":"https:\/\/karitaszkozpont.hu\/index.php?rest_route=\/wp\/v2\/pages\/11"}],"collection":[{"href":"https:\/\/karitaszkozpont.hu\/index.php?rest_route=\/wp\/v2\/pages"}],"about":[{"href":"https:\/\/karitaszkozpont.hu\/index.php?rest_route=\/wp\/v2\/types\/page"}],"author":[{"embeddable":true,"href":"https:\/\/karitaszkozpont.hu\/index.php?rest_route=\/wp\/v2\/users\/1"}],"replies":[{"embeddable":true,"href":"https:\/\/karitaszkozpont.hu\/index.php?rest_route=%2Fwp%2Fv2%2Fcomments&post=11"}],"version-history":[{"count":14,"href":"https:\/\/karitaszkozpont.hu\/index.php?rest_route=\/wp\/v2\/pages\/11\/revisions"}],"predecessor-version":[{"id":3539,"href":"https:\/\/karitaszkozpont.hu\/index.php?rest_route=\/wp\/v2\/pages\/11\/revisions\/3539"}],"wp:attachment":[{"href":"https:\/\/karitaszkozpont.hu\/index.php?rest_route=%2Fwp%2Fv2%2Fmedia&parent=11"}],"curies":[{"name":"wp","href":"https:\/\/api.w.org\/{rel}","templated":true}]}}